{"id":20432,"date":"2017-03-23T16:29:21","date_gmt":"2017-03-23T16:29:21","guid":{"rendered":"http:\/\/www.marianaromanica.ro\/consultanta-de-imagine\/?post_type=product&#038;p=20432"},"modified":"2024-03-28T12:13:28","modified_gmt":"2024-03-28T12:13:28","slug":"voucher-cadou-ladylike","status":"publish","type":"product","link":"https:\/\/www.marianaromanica.ro\/consultanta-de-imagine\/produs\/voucher-cadou-ladylike\/","title":{"rendered":"Gift Card 300\u20ac"},"content":{"rendered":"<p><span style=\"font-family: arial,helvetica,sans-serif;\">Acest voucher cadou pune la dispozi\u0163ia posesorului, la alegere, unul sau mai multe servicii de consultan\u0163\u0103 de imagine &#8211; stilistic\u0103 sau de beauty &#8211; \u00een valoare de 300 \u20ac.<\/span><\/p>\n<p><span style=\"font-family: arial,helvetica,sans-serif;\">Este un cadou perfect, pentru c\u0103 ofer\u0103 posesorului posibilitatea de a-\u015fi alege din peste 15 servicii de consultan\u0163\u0103. Lista cu acestea poate fi consultat\u0103 <a href=\"https:\/\/www.marianaromanica.ro\/consultanta-de-imagine\/servicii\/\" target=\"_blank\" rel=\"noopener noreferrer\">aici<\/a>.<br \/>\n<\/span><\/p>\n<p><span style=\"font-family: arial,helvetica,sans-serif;\">Voucherul va fi livrat (sau poate fi ridicat de la sediu) sub form\u0103 de cadou, \u00een ambalaj special.<br \/>\nDe asemenea, ne pute\u0163i solicita \u015fi formatul digital al acestuia.<\/span><\/p>\n","protected":false},"excerpt":{"rendered":"<p>Acest voucher cadou pune la dispozi\u0163ia posesorului, la alegere, unul sau mai multe servicii de consultan\u0163\u0103 de imagine &#8211; stilistic\u0103 sau de beauty &#8211; \u00een valoare de 300 \u20ac. Este&#8230;<\/p>\n","protected":false},"featured_media":21043,"comment_status":"open","ping_status":"closed","template":"","meta":{"_monsterinsights_skip_tracking":false,"_monsterinsights_sitenote_active":false,"_monsterinsights_sitenote_note":"","_monsterinsights_sitenote_category":0},"product_brand":[],"product_cat":[202],"product_tag":[],"class_list":{"0":"post-20432","1":"product","2":"type-product","3":"status-publish","4":"has-post-thumbnail","6":"product_cat-vouchere","8":"first","9":"instock","10":"shipping-taxable","11":"purchasable","12":"product-type-simple"},"yoast_head":"<!-- This site is optimized with the Yoast SEO plugin v25.1 - https:\/\/yoast.com\/wordpress\/plugins\/seo\/ -->\n<title>Voucher Cadou LadyLike- Consultan\u0163\u0103 de Imagine<\/title>\n<meta name=\"description\" content=\"Voucher cadou cu servicii de consultan\u0163\u0103 de imagine, pentru a d\u0103rui o experien\u0163\u0103 cu adev\u0103rat memorabil\u0103 persoanei dragi\" \/>\n<meta name=\"robots\" content=\"index, follow, max-snippet:-1, max-image-preview:large, max-video-preview:-1\" \/>\n<link rel=\"canonical\" href=\"https:\/\/www.marianaromanica.ro\/consultanta-de-imagine\/produs\/voucher-cadou-ladylike\/\" \/>\n<meta property=\"og:locale\" content=\"ro_RO\" \/>\n<meta property=\"og:type\" content=\"article\" \/>\n<meta property=\"og:title\" content=\"Voucher Cadou LadyLike- Consultan\u0163\u0103 de Imagine\" \/>\n<meta property=\"og:description\" content=\"Voucher cadou cu servicii de consultan\u0163\u0103 de imagine, pentru a d\u0103rui o experien\u0163\u0103 cu adev\u0103rat memorabil\u0103 persoanei dragi\" \/>\n<meta property=\"og:url\" content=\"https:\/\/www.marianaromanica.ro\/consultanta-de-imagine\/produs\/voucher-cadou-ladylike\/\" \/>\n<meta property=\"og:site_name\" content=\"Consultanta de imagine\" \/>\n<meta property=\"article:publisher\" content=\"https:\/\/www.facebook.com\/MarianaRomanicaPage\/\" \/>\n<meta property=\"article:modified_time\" content=\"2024-03-28T12:13:28+00:00\" \/>\n<meta property=\"og:image\" content=\"https:\/\/www.marianaromanica.ro\/consultanta-de-imagine\/wp-content\/uploads\/2017\/03\/gift-card-300.jpg\" \/>\n\t<meta property=\"og:image:width\" content=\"1200\" \/>\n\t<meta property=\"og:image:height\" content=\"1200\" \/>\n\t<meta property=\"og:image:type\" content=\"image\/jpeg\" \/>\n<meta name=\"twitter:card\" content=\"summary_large_image\" \/>\n<meta name=\"twitter:site\" content=\"@MarianaRomanica\" \/>\n<script type=\"application\/ld+json\" class=\"yoast-schema-graph\">{\"@context\":\"https:\/\/schema.org\",\"@graph\":[{\"@type\":\"WebPage\",\"@id\":\"https:\/\/www.marianaromanica.ro\/consultanta-de-imagine\/produs\/voucher-cadou-ladylike\/\",\"url\":\"https:\/\/www.marianaromanica.ro\/consultanta-de-imagine\/produs\/voucher-cadou-ladylike\/\",\"name\":\"Voucher Cadou LadyLike- Consultan\u0163\u0103 de Imagine\",\"isPartOf\":{\"@id\":\"https:\/\/www.marianaromanica.ro\/consultanta-de-imagine\/#website\"},\"primaryImageOfPage\":{\"@id\":\"https:\/\/www.marianaromanica.ro\/consultanta-de-imagine\/produs\/voucher-cadou-ladylike\/#primaryimage\"},\"image\":{\"@id\":\"https:\/\/www.marianaromanica.ro\/consultanta-de-imagine\/produs\/voucher-cadou-ladylike\/#primaryimage\"},\"thumbnailUrl\":\"https:\/\/www.marianaromanica.ro\/consultanta-de-imagine\/wp-content\/uploads\/2017\/03\/gift-card-300.jpg\",\"datePublished\":\"2017-03-23T16:29:21+00:00\",\"dateModified\":\"2024-03-28T12:13:28+00:00\",\"description\":\"Voucher cadou cu servicii de consultan\u0163\u0103 de imagine, pentru a d\u0103rui o experien\u0163\u0103 cu adev\u0103rat memorabil\u0103 persoanei dragi\",\"breadcrumb\":{\"@id\":\"https:\/\/www.marianaromanica.ro\/consultanta-de-imagine\/produs\/voucher-cadou-ladylike\/#breadcrumb\"},\"inLanguage\":\"ro-RO\",\"potentialAction\":[{\"@type\":\"ReadAction\",\"target\":[\"https:\/\/www.marianaromanica.ro\/consultanta-de-imagine\/produs\/voucher-cadou-ladylike\/\"]}]},{\"@type\":\"ImageObject\",\"inLanguage\":\"ro-RO\",\"@id\":\"https:\/\/www.marianaromanica.ro\/consultanta-de-imagine\/produs\/voucher-cadou-ladylike\/#primaryimage\",\"url\":\"https:\/\/www.marianaromanica.ro\/consultanta-de-imagine\/wp-content\/uploads\/2017\/03\/gift-card-300.jpg\",\"contentUrl\":\"https:\/\/www.marianaromanica.ro\/consultanta-de-imagine\/wp-content\/uploads\/2017\/03\/gift-card-300.jpg\",\"width\":1200,\"height\":1200},{\"@type\":\"BreadcrumbList\",\"@id\":\"https:\/\/www.marianaromanica.ro\/consultanta-de-imagine\/produs\/voucher-cadou-ladylike\/#breadcrumb\",\"itemListElement\":[{\"@type\":\"ListItem\",\"position\":1,\"name\":\"Acas\u0103\",\"item\":\"https:\/\/www.marianaromanica.ro\/consultanta-de-imagine\/\"},{\"@type\":\"ListItem\",\"position\":2,\"name\":\"Magazin\",\"item\":\"https:\/\/www.marianaromanica.ro\/consultanta-de-imagine\/\"},{\"@type\":\"ListItem\",\"position\":3,\"name\":\"Gift Card 300\u20ac\"}]},{\"@type\":\"WebSite\",\"@id\":\"https:\/\/www.marianaromanica.ro\/consultanta-de-imagine\/#website\",\"url\":\"https:\/\/www.marianaromanica.ro\/consultanta-de-imagine\/\",\"name\":\"Consultanta de imagine\",\"description\":\"Mariana Romanica\",\"publisher\":{\"@id\":\"https:\/\/www.marianaromanica.ro\/consultanta-de-imagine\/#organization\"},\"potentialAction\":[{\"@type\":\"SearchAction\",\"target\":{\"@type\":\"EntryPoint\",\"urlTemplate\":\"https:\/\/www.marianaromanica.ro\/consultanta-de-imagine\/?s={search_term_string}\"},\"query-input\":{\"@type\":\"PropertyValueSpecification\",\"valueRequired\":true,\"valueName\":\"search_term_string\"}}],\"inLanguage\":\"ro-RO\"},{\"@type\":\"Organization\",\"@id\":\"https:\/\/www.marianaromanica.ro\/consultanta-de-imagine\/#organization\",\"name\":\"Mariana Romanica Image Consulting\",\"url\":\"https:\/\/www.marianaromanica.ro\/consultanta-de-imagine\/\",\"logo\":{\"@type\":\"ImageObject\",\"inLanguage\":\"ro-RO\",\"@id\":\"https:\/\/www.marianaromanica.ro\/consultanta-de-imagine\/#\/schema\/logo\/image\/\",\"url\":\"https:\/\/www.marianaromanica.ro\/consultanta-de-imagine\/wp-content\/uploads\/2016\/04\/Logo-MR-IMAGE-CONSULTing-e1461401575654.png\",\"contentUrl\":\"https:\/\/www.marianaromanica.ro\/consultanta-de-imagine\/wp-content\/uploads\/2016\/04\/Logo-MR-IMAGE-CONSULTing-e1461401575654.png\",\"width\":500,\"height\":173,\"caption\":\"Mariana Romanica Image Consulting\"},\"image\":{\"@id\":\"https:\/\/www.marianaromanica.ro\/consultanta-de-imagine\/#\/schema\/logo\/image\/\"},\"sameAs\":[\"https:\/\/www.facebook.com\/MarianaRomanicaPage\/\",\"https:\/\/x.com\/MarianaRomanica\",\"https:\/\/www.instagram.com\/marianaromanica.ro\/\",\"https:\/\/www.linkedin.com\/in\/mariana-romanica-7a852728?trk=nav_responsive_tab_profile\",\"https:\/\/ro.pinterest.com\/marianaromanica\/\",\"https:\/\/www.youtube.com\/channel\/UCtqcpjkqH12PFT8pgZvljLg\"]}]}<\/script>\n<!-- \/ Yoast SEO plugin. -->","yoast_head_json":{"title":"Voucher Cadou LadyLike- Consultan\u0163\u0103 de Imagine","description":"Voucher cadou cu servicii de consultan\u0163\u0103 de imagine, pentru a d\u0103rui o experien\u0163\u0103 cu adev\u0103rat memorabil\u0103 persoanei dragi","robots":{"index":"index","follow":"follow","max-snippet":"max-snippet:-1","max-image-preview":"max-image-preview:large","max-video-preview":"max-video-preview:-1"},"canonical":"https:\/\/www.marianaromanica.ro\/consultanta-de-imagine\/produs\/voucher-cadou-ladylike\/","og_locale":"ro_RO","og_type":"article","og_title":"Voucher Cadou LadyLike- Consultan\u0163\u0103 de Imagine","og_description":"Voucher cadou cu servicii de consultan\u0163\u0103 de imagine, pentru a d\u0103rui o experien\u0163\u0103 cu adev\u0103rat memorabil\u0103 persoanei dragi","og_url":"https:\/\/www.marianaromanica.ro\/consultanta-de-imagine\/produs\/voucher-cadou-ladylike\/","og_site_name":"Consultanta de imagine","article_publisher":"https:\/\/www.facebook.com\/MarianaRomanicaPage\/","article_modified_time":"2024-03-28T12:13:28+00:00","og_image":[{"width":1200,"height":1200,"url":"https:\/\/www.marianaromanica.ro\/consultanta-de-imagine\/wp-content\/uploads\/2017\/03\/gift-card-300.jpg","type":"image\/jpeg"}],"twitter_card":"summary_large_image","twitter_site":"@MarianaRomanica","schema":{"@context":"https:\/\/schema.org","@graph":[{"@type":"WebPage","@id":"https:\/\/www.marianaromanica.ro\/consultanta-de-imagine\/produs\/voucher-cadou-ladylike\/","url":"https:\/\/www.marianaromanica.ro\/consultanta-de-imagine\/produs\/voucher-cadou-ladylike\/","name":"Voucher Cadou LadyLike- Consultan\u0163\u0103 de Imagine","isPartOf":{"@id":"https:\/\/www.marianaromanica.ro\/consultanta-de-imagine\/#website"},"primaryImageOfPage":{"@id":"https:\/\/www.marianaromanica.ro\/consultanta-de-imagine\/produs\/voucher-cadou-ladylike\/#primaryimage"},"image":{"@id":"https:\/\/www.marianaromanica.ro\/consultanta-de-imagine\/produs\/voucher-cadou-ladylike\/#primaryimage"},"thumbnailUrl":"https:\/\/www.marianaromanica.ro\/consultanta-de-imagine\/wp-content\/uploads\/2017\/03\/gift-card-300.jpg","datePublished":"2017-03-23T16:29:21+00:00","dateModified":"2024-03-28T12:13:28+00:00","description":"Voucher cadou cu servicii de consultan\u0163\u0103 de imagine, pentru a d\u0103rui o experien\u0163\u0103 cu adev\u0103rat memorabil\u0103 persoanei dragi","breadcrumb":{"@id":"https:\/\/www.marianaromanica.ro\/consultanta-de-imagine\/produs\/voucher-cadou-ladylike\/#breadcrumb"},"inLanguage":"ro-RO","potentialAction":[{"@type":"ReadAction","target":["https:\/\/www.marianaromanica.ro\/consultanta-de-imagine\/produs\/voucher-cadou-ladylike\/"]}]},{"@type":"ImageObject","inLanguage":"ro-RO","@id":"https:\/\/www.marianaromanica.ro\/consultanta-de-imagine\/produs\/voucher-cadou-ladylike\/#primaryimage","url":"https:\/\/www.marianaromanica.ro\/consultanta-de-imagine\/wp-content\/uploads\/2017\/03\/gift-card-300.jpg","contentUrl":"https:\/\/www.marianaromanica.ro\/consultanta-de-imagine\/wp-content\/uploads\/2017\/03\/gift-card-300.jpg","width":1200,"height":1200},{"@type":"BreadcrumbList","@id":"https:\/\/www.marianaromanica.ro\/consultanta-de-imagine\/produs\/voucher-cadou-ladylike\/#breadcrumb","itemListElement":[{"@type":"ListItem","position":1,"name":"Acas\u0103","item":"https:\/\/www.marianaromanica.ro\/consultanta-de-imagine\/"},{"@type":"ListItem","position":2,"name":"Magazin","item":"https:\/\/www.marianaromanica.ro\/consultanta-de-imagine\/"},{"@type":"ListItem","position":3,"name":"Gift Card 300\u20ac"}]},{"@type":"WebSite","@id":"https:\/\/www.marianaromanica.ro\/consultanta-de-imagine\/#website","url":"https:\/\/www.marianaromanica.ro\/consultanta-de-imagine\/","name":"Consultanta de imagine","description":"Mariana Romanica","publisher":{"@id":"https:\/\/www.marianaromanica.ro\/consultanta-de-imagine\/#organization"},"potentialAction":[{"@type":"SearchAction","target":{"@type":"EntryPoint","urlTemplate":"https:\/\/www.marianaromanica.ro\/consultanta-de-imagine\/?s={search_term_string}"},"query-input":{"@type":"PropertyValueSpecification","valueRequired":true,"valueName":"search_term_string"}}],"inLanguage":"ro-RO"},{"@type":"Organization","@id":"https:\/\/www.marianaromanica.ro\/consultanta-de-imagine\/#organization","name":"Mariana Romanica Image Consulting","url":"https:\/\/www.marianaromanica.ro\/consultanta-de-imagine\/","logo":{"@type":"ImageObject","inLanguage":"ro-RO","@id":"https:\/\/www.marianaromanica.ro\/consultanta-de-imagine\/#\/schema\/logo\/image\/","url":"https:\/\/www.marianaromanica.ro\/consultanta-de-imagine\/wp-content\/uploads\/2016\/04\/Logo-MR-IMAGE-CONSULTing-e1461401575654.png","contentUrl":"https:\/\/www.marianaromanica.ro\/consultanta-de-imagine\/wp-content\/uploads\/2016\/04\/Logo-MR-IMAGE-CONSULTing-e1461401575654.png","width":500,"height":173,"caption":"Mariana Romanica Image Consulting"},"image":{"@id":"https:\/\/www.marianaromanica.ro\/consultanta-de-imagine\/#\/schema\/logo\/image\/"},"sameAs":["https:\/\/www.facebook.com\/MarianaRomanicaPage\/","https:\/\/x.com\/MarianaRomanica","https:\/\/www.instagram.com\/marianaromanica.ro\/","https:\/\/www.linkedin.com\/in\/mariana-romanica-7a852728?trk=nav_responsive_tab_profile","https:\/\/ro.pinterest.com\/marianaromanica\/","https:\/\/www.youtube.com\/channel\/UCtqcpjkqH12PFT8pgZvljLg"]}]}},"_links":{"self":[{"href":"https:\/\/www.marianaromanica.ro\/consultanta-de-imagine\/wp-json\/wp\/v2\/product\/20432","targetHints":{"allow":["GET"]}}],"collection":[{"href":"https:\/\/www.marianaromanica.ro\/consultanta-de-imagine\/wp-json\/wp\/v2\/product"}],"about":[{"href":"https:\/\/www.marianaromanica.ro\/consultanta-de-imagine\/wp-json\/wp\/v2\/types\/product"}],"replies":[{"embeddable":true,"href":"https:\/\/www.marianaromanica.ro\/consultanta-de-imagine\/wp-json\/wp\/v2\/comments?post=20432"}],"wp:featuredmedia":[{"embeddable":true,"href":"https:\/\/www.marianaromanica.ro\/consultanta-de-imagine\/wp-json\/wp\/v2\/media\/21043"}],"wp:attachment":[{"href":"https:\/\/www.marianaromanica.ro\/consultanta-de-imagine\/wp-json\/wp\/v2\/media?parent=20432"}],"wp:term":[{"taxonomy":"product_brand","embeddable":true,"href":"https:\/\/www.marianaromanica.ro\/consultanta-de-imagine\/wp-json\/wp\/v2\/product_brand?post=20432"},{"taxonomy":"product_cat","embeddable":true,"href":"https:\/\/www.marianaromanica.ro\/consultanta-de-imagine\/wp-json\/wp\/v2\/product_cat?post=20432"},{"taxonomy":"product_tag","embeddable":true,"href":"https:\/\/www.marianaromanica.ro\/consultanta-de-imagine\/wp-json\/wp\/v2\/product_tag?post=20432"}],"curies":[{"name":"wp","href":"https:\/\/api.w.org\/{rel}","templated":true}]}}