{"id":20452,"date":"2017-03-23T20:11:17","date_gmt":"2017-03-23T20:11:17","guid":{"rendered":"http:\/\/www.marianaromanica.ro\/consultanta-de-imagine\/?post_type=product&#038;p=20452"},"modified":"2026-01-08T07:51:10","modified_gmt":"2026-01-08T07:51:10","slug":"makeover","status":"publish","type":"product","link":"https:\/\/www.marianaromanica.ro\/consultanta-de-imagine\/produs\/makeover\/","title":{"rendered":"Full Makeover &#8211; 8 sesiuni"},"content":{"rendered":"<p>Pachetul <strong>Full<\/strong> <strong>Makeover <\/strong>cuprinde to\u0163i pa\u015fii necesari unui refresh stilistic complet, deoarece \u00eembin\u0103 partea de vestimenta\u0163ie cu partea de beauty. Astfel, garanteaz\u0103 ca rezultat un look perfect coordonat, \u00een care fiecare element se potrive\u015fte cu cel\u0103lalt. \u00cen plus, este cea mai bun\u0103 metod\u0103 de redefinire a stilului, tocmai pentru c\u0103 se raporteaz\u0103 la aspectul global \u015fi integreaz\u0103 omogen toate detaliile de personalitate.<\/p>\n<p><strong>Analiza Cromatic\u0103 Special<\/strong>\u00a0\u2013 determinarea tipologiei cromatice si a strategiei de asortarea a culorilor\u00a0 + paletar cromatic VIP<strong><br \/>\nForma Corpului <\/strong>\u00a0\u2013 determinarea formei corpului, a croielilor potrivite \u015fi modul de a le purta hainele \u015fi accesoriile \u00een \u0163inute complete<br \/>\n<strong>Style ID <\/strong>\u2013 esen\u021ba stilului t\u0103u vestimentar<strong><br \/>\nAnaliza Garderobei 4<em>h<\/em> <\/strong>\u2013 detox al garderobei prin care diferen\u0163iem piesele vestimentare \u015fi accesoriile potrivite de cele nepotrivite. Se pun bazele Garderobei Capsul\u0103 folosind formula special\u0103 <em>13 piese = 70 de \u0163inute<\/em><strong><br \/>\nPersonal Shopping <em>3h<\/em> <\/strong>\u2013 sesiune de cump\u0103r\u0103turi \u00een care complet\u0103m elementele lips\u0103 din garderob\u0103, at\u00e2t piese vestimentare c\u00e2t \u015fi accesorii, pentru a finaliza formula Garderobei Capsul\u0103<strong><br \/>\nOutfit Portofolio <em>3h<\/em><\/strong> \u2013 realizarea de \u0163inute complete cu piesele vestimentare ini\u0163iale \u015fi cele noi, pentru diferite ocazii \u015fi ipostaze.\u00a0 Exemplificarea realiz\u0103rii \u0163inutelor multiple cu un num\u0103r limitat de haine \u015fi accesorii. Fotografierea fiec\u0103rui look.<br \/>\n<strong>Curs de Automachiaj<\/strong> &#8211; 2 module cu practic\u0103 90% \u00een care se deprinde machiajul de zi \u015fi de sear\u0103, realizat<em> corect &#8211; rapid &#8211; eficient<\/em> \u00een func\u0163ie de tr\u0103s\u0103turile faciale specifice (forma fe\u0163ei, forma ochilor, tipul tenului, etc.). Include set de 14 pensule din p\u0103r natural.<br \/>\n<strong>Curs Self Hairstyling<\/strong> &#8211; exemplificarea \u015fi realizarea cu 90% practic\u0103 a 3 coafuri diferite, potrivite \u00een func\u0163ie de forma fe\u0163ei \u015fi a tipului de p\u0103r, cu ajutorul unor accesorii speciale \u015fi a diverselor ustensile pentru coafat. Include beautycase cu accesorii.<\/p>\n","protected":false},"excerpt":{"rendered":"<p>&nbsp;<\/p>\n<p><span style=\"font-family: arial,helvetica,sans-serif;\"><strong>Acest pachet i<\/strong><\/span><span style=\"font-family: arial,helvetica,sans-serif;\"><strong>nclude 9 servicii stilistice \u015fi de beauty:<\/strong><\/span><\/p>\n<p>Analiza Cromatic\u0103 Special<br \/>\nForma Corpului<br \/>\nStil Vestimentar<br \/>\nAnaliza Garderobei (4h)<br \/>\nPersonal Shopping (3h)<br \/>\nOutfit Portofolio (3h)<br \/>\nCurs Automachiaj + set 14 pensule pentru machiaj din p\u0103r natural<br \/>\nCurs Self Hairstyling + beautycase cu set de accesorii pentru coafat<\/p>\n<p>&nbsp;<\/p>\n<p><span style=\"font-family: arial,helvetica,sans-serif;\">Disponibil \u015fi \u00een variant\u0103 de<strong> Gift Card<\/strong>, care va fi livrat, <em>sau poate fi ridicat de la sediu<\/em>, sub form\u0103 de <strong>cadou<\/strong>, \u00een ambalaj special.<\/span><\/p>\n<p>&nbsp;<\/p>\n<p><span style=\"font-family: arial,helvetica,sans-serif;\">Toate detaliile legate de <strong>servicii<\/strong> sunt disponibile <a href=\"https:\/\/www.marianaromanica.ro\/consultanta-de-imagine\/servicii\/\" target=\"_blank\" rel=\"noopener noreferrer\">aici<\/a>.<\/span><\/p>\n<p>&nbsp;<\/p>\n<p><span style=\"font-family: arial,helvetica,sans-serif;\">Dup\u0103 confirmarea pl\u0103\u0163ii v\u0103 vom contacta pentru a stabili data \u015fi ora sesiunilor stilistice. O parte din aceste sesiuni se pot realiza \u015fi <strong>online<\/strong>.<\/span><\/p>\n","protected":false},"featured_media":21045,"comment_status":"open","ping_status":"closed","template":"","meta":{"_monsterinsights_skip_tracking":false,"_monsterinsights_sitenote_active":false,"_monsterinsights_sitenote_note":"","_monsterinsights_sitenote_category":0},"product_brand":[],"product_cat":[201],"product_tag":[],"class_list":{"0":"post-20452","1":"product","2":"type-product","3":"status-publish","4":"has-post-thumbnail","6":"product_cat-pachete-de-servicii","8":"first","9":"instock","10":"purchasable","11":"product-type-simple"},"yoast_head":"<!-- This site is optimized with the Yoast SEO plugin v25.1 - https:\/\/yoast.com\/wordpress\/plugins\/seo\/ -->\n<title>Full Makeover - 8 sesiuni - Consultanta de imagine<\/title>\n<meta name=\"description\" content=\"Pachetul Makeover cuprinde to\u0163i pa\u015fii necesari unui refresh stilistic complet, deoarece \u00eembin\u0103 partea de vestimenta\u0163ie cu partea de beauty.\" \/>\n<meta name=\"robots\" content=\"index, follow, max-snippet:-1, max-image-preview:large, max-video-preview:-1\" \/>\n<link rel=\"canonical\" href=\"https:\/\/www.marianaromanica.ro\/consultanta-de-imagine\/produs\/makeover\/\" \/>\n<meta property=\"og:locale\" content=\"ro_RO\" \/>\n<meta property=\"og:type\" content=\"article\" \/>\n<meta property=\"og:title\" content=\"Full Makeover - 8 sesiuni - Consultanta de imagine\" \/>\n<meta property=\"og:description\" content=\"Pachetul Makeover cuprinde to\u0163i pa\u015fii necesari unui refresh stilistic complet, deoarece \u00eembin\u0103 partea de vestimenta\u0163ie cu partea de beauty.\" \/>\n<meta property=\"og:url\" content=\"https:\/\/www.marianaromanica.ro\/consultanta-de-imagine\/produs\/makeover\/\" \/>\n<meta property=\"og:site_name\" content=\"Consultanta de imagine\" \/>\n<meta property=\"article:publisher\" content=\"https:\/\/www.facebook.com\/MarianaRomanicaPage\/\" \/>\n<meta property=\"article:modified_time\" content=\"2026-01-08T07:51:10+00:00\" \/>\n<meta property=\"og:image\" content=\"https:\/\/www.marianaromanica.ro\/consultanta-de-imagine\/wp-content\/uploads\/2017\/03\/mix-scaled.jpg\" \/>\n\t<meta property=\"og:image:width\" content=\"2560\" \/>\n\t<meta property=\"og:image:height\" content=\"2560\" \/>\n\t<meta property=\"og:image:type\" content=\"image\/jpeg\" \/>\n<meta name=\"twitter:card\" content=\"summary_large_image\" \/>\n<meta name=\"twitter:site\" content=\"@MarianaRomanica\" \/>\n<meta name=\"twitter:label1\" content=\"Timp estimat pentru citire\" \/>\n\t<meta name=\"twitter:data1\" content=\"1 minut\" \/>\n<script type=\"application\/ld+json\" class=\"yoast-schema-graph\">{\"@context\":\"https:\/\/schema.org\",\"@graph\":[{\"@type\":\"WebPage\",\"@id\":\"https:\/\/www.marianaromanica.ro\/consultanta-de-imagine\/produs\/makeover\/\",\"url\":\"https:\/\/www.marianaromanica.ro\/consultanta-de-imagine\/produs\/makeover\/\",\"name\":\"Full Makeover - 8 sesiuni - Consultanta de imagine\",\"isPartOf\":{\"@id\":\"https:\/\/www.marianaromanica.ro\/consultanta-de-imagine\/#website\"},\"primaryImageOfPage\":{\"@id\":\"https:\/\/www.marianaromanica.ro\/consultanta-de-imagine\/produs\/makeover\/#primaryimage\"},\"image\":{\"@id\":\"https:\/\/www.marianaromanica.ro\/consultanta-de-imagine\/produs\/makeover\/#primaryimage\"},\"thumbnailUrl\":\"https:\/\/www.marianaromanica.ro\/consultanta-de-imagine\/wp-content\/uploads\/2017\/03\/mix-scaled.jpg\",\"datePublished\":\"2017-03-23T20:11:17+00:00\",\"dateModified\":\"2026-01-08T07:51:10+00:00\",\"description\":\"Pachetul Makeover cuprinde to\u0163i pa\u015fii necesari unui refresh stilistic complet, deoarece \u00eembin\u0103 partea de vestimenta\u0163ie cu partea de beauty.\",\"breadcrumb\":{\"@id\":\"https:\/\/www.marianaromanica.ro\/consultanta-de-imagine\/produs\/makeover\/#breadcrumb\"},\"inLanguage\":\"ro-RO\",\"potentialAction\":[{\"@type\":\"ReadAction\",\"target\":[\"https:\/\/www.marianaromanica.ro\/consultanta-de-imagine\/produs\/makeover\/\"]}]},{\"@type\":\"ImageObject\",\"inLanguage\":\"ro-RO\",\"@id\":\"https:\/\/www.marianaromanica.ro\/consultanta-de-imagine\/produs\/makeover\/#primaryimage\",\"url\":\"https:\/\/www.marianaromanica.ro\/consultanta-de-imagine\/wp-content\/uploads\/2017\/03\/mix-scaled.jpg\",\"contentUrl\":\"https:\/\/www.marianaromanica.ro\/consultanta-de-imagine\/wp-content\/uploads\/2017\/03\/mix-scaled.jpg\",\"width\":2560,\"height\":2560},{\"@type\":\"BreadcrumbList\",\"@id\":\"https:\/\/www.marianaromanica.ro\/consultanta-de-imagine\/produs\/makeover\/#breadcrumb\",\"itemListElement\":[{\"@type\":\"ListItem\",\"position\":1,\"name\":\"Acas\u0103\",\"item\":\"https:\/\/www.marianaromanica.ro\/consultanta-de-imagine\/\"},{\"@type\":\"ListItem\",\"position\":2,\"name\":\"Magazin\",\"item\":\"https:\/\/www.marianaromanica.ro\/consultanta-de-imagine\/\"},{\"@type\":\"ListItem\",\"position\":3,\"name\":\"Full Makeover &#8211; 8 sesiuni\"}]},{\"@type\":\"WebSite\",\"@id\":\"https:\/\/www.marianaromanica.ro\/consultanta-de-imagine\/#website\",\"url\":\"https:\/\/www.marianaromanica.ro\/consultanta-de-imagine\/\",\"name\":\"Consultanta de imagine\",\"description\":\"Mariana Romanica\",\"publisher\":{\"@id\":\"https:\/\/www.marianaromanica.ro\/consultanta-de-imagine\/#organization\"},\"potentialAction\":[{\"@type\":\"SearchAction\",\"target\":{\"@type\":\"EntryPoint\",\"urlTemplate\":\"https:\/\/www.marianaromanica.ro\/consultanta-de-imagine\/?s={search_term_string}\"},\"query-input\":{\"@type\":\"PropertyValueSpecification\",\"valueRequired\":true,\"valueName\":\"search_term_string\"}}],\"inLanguage\":\"ro-RO\"},{\"@type\":\"Organization\",\"@id\":\"https:\/\/www.marianaromanica.ro\/consultanta-de-imagine\/#organization\",\"name\":\"Mariana Romanica Image Consulting\",\"url\":\"https:\/\/www.marianaromanica.ro\/consultanta-de-imagine\/\",\"logo\":{\"@type\":\"ImageObject\",\"inLanguage\":\"ro-RO\",\"@id\":\"https:\/\/www.marianaromanica.ro\/consultanta-de-imagine\/#\/schema\/logo\/image\/\",\"url\":\"https:\/\/www.marianaromanica.ro\/consultanta-de-imagine\/wp-content\/uploads\/2016\/04\/Logo-MR-IMAGE-CONSULTing-e1461401575654.png\",\"contentUrl\":\"https:\/\/www.marianaromanica.ro\/consultanta-de-imagine\/wp-content\/uploads\/2016\/04\/Logo-MR-IMAGE-CONSULTing-e1461401575654.png\",\"width\":500,\"height\":173,\"caption\":\"Mariana Romanica Image Consulting\"},\"image\":{\"@id\":\"https:\/\/www.marianaromanica.ro\/consultanta-de-imagine\/#\/schema\/logo\/image\/\"},\"sameAs\":[\"https:\/\/www.facebook.com\/MarianaRomanicaPage\/\",\"https:\/\/x.com\/MarianaRomanica\",\"https:\/\/www.instagram.com\/marianaromanica.ro\/\",\"https:\/\/www.linkedin.com\/in\/mariana-romanica-7a852728?trk=nav_responsive_tab_profile\",\"https:\/\/ro.pinterest.com\/marianaromanica\/\",\"https:\/\/www.youtube.com\/channel\/UCtqcpjkqH12PFT8pgZvljLg\"]}]}<\/script>\n<!-- \/ Yoast SEO plugin. -->","yoast_head_json":{"title":"Full Makeover - 8 sesiuni - Consultanta de imagine","description":"Pachetul Makeover cuprinde to\u0163i pa\u015fii necesari unui refresh stilistic complet, deoarece \u00eembin\u0103 partea de vestimenta\u0163ie cu partea de beauty.","robots":{"index":"index","follow":"follow","max-snippet":"max-snippet:-1","max-image-preview":"max-image-preview:large","max-video-preview":"max-video-preview:-1"},"canonical":"https:\/\/www.marianaromanica.ro\/consultanta-de-imagine\/produs\/makeover\/","og_locale":"ro_RO","og_type":"article","og_title":"Full Makeover - 8 sesiuni - Consultanta de imagine","og_description":"Pachetul Makeover cuprinde to\u0163i pa\u015fii necesari unui refresh stilistic complet, deoarece \u00eembin\u0103 partea de vestimenta\u0163ie cu partea de beauty.","og_url":"https:\/\/www.marianaromanica.ro\/consultanta-de-imagine\/produs\/makeover\/","og_site_name":"Consultanta de imagine","article_publisher":"https:\/\/www.facebook.com\/MarianaRomanicaPage\/","article_modified_time":"2026-01-08T07:51:10+00:00","og_image":[{"width":2560,"height":2560,"url":"https:\/\/www.marianaromanica.ro\/consultanta-de-imagine\/wp-content\/uploads\/2017\/03\/mix-scaled.jpg","type":"image\/jpeg"}],"twitter_card":"summary_large_image","twitter_site":"@MarianaRomanica","twitter_misc":{"Timp estimat pentru citire":"1 minut"},"schema":{"@context":"https:\/\/schema.org","@graph":[{"@type":"WebPage","@id":"https:\/\/www.marianaromanica.ro\/consultanta-de-imagine\/produs\/makeover\/","url":"https:\/\/www.marianaromanica.ro\/consultanta-de-imagine\/produs\/makeover\/","name":"Full Makeover - 8 sesiuni - Consultanta de imagine","isPartOf":{"@id":"https:\/\/www.marianaromanica.ro\/consultanta-de-imagine\/#website"},"primaryImageOfPage":{"@id":"https:\/\/www.marianaromanica.ro\/consultanta-de-imagine\/produs\/makeover\/#primaryimage"},"image":{"@id":"https:\/\/www.marianaromanica.ro\/consultanta-de-imagine\/produs\/makeover\/#primaryimage"},"thumbnailUrl":"https:\/\/www.marianaromanica.ro\/consultanta-de-imagine\/wp-content\/uploads\/2017\/03\/mix-scaled.jpg","datePublished":"2017-03-23T20:11:17+00:00","dateModified":"2026-01-08T07:51:10+00:00","description":"Pachetul Makeover cuprinde to\u0163i pa\u015fii necesari unui refresh stilistic complet, deoarece \u00eembin\u0103 partea de vestimenta\u0163ie cu partea de beauty.","breadcrumb":{"@id":"https:\/\/www.marianaromanica.ro\/consultanta-de-imagine\/produs\/makeover\/#breadcrumb"},"inLanguage":"ro-RO","potentialAction":[{"@type":"ReadAction","target":["https:\/\/www.marianaromanica.ro\/consultanta-de-imagine\/produs\/makeover\/"]}]},{"@type":"ImageObject","inLanguage":"ro-RO","@id":"https:\/\/www.marianaromanica.ro\/consultanta-de-imagine\/produs\/makeover\/#primaryimage","url":"https:\/\/www.marianaromanica.ro\/consultanta-de-imagine\/wp-content\/uploads\/2017\/03\/mix-scaled.jpg","contentUrl":"https:\/\/www.marianaromanica.ro\/consultanta-de-imagine\/wp-content\/uploads\/2017\/03\/mix-scaled.jpg","width":2560,"height":2560},{"@type":"BreadcrumbList","@id":"https:\/\/www.marianaromanica.ro\/consultanta-de-imagine\/produs\/makeover\/#breadcrumb","itemListElement":[{"@type":"ListItem","position":1,"name":"Acas\u0103","item":"https:\/\/www.marianaromanica.ro\/consultanta-de-imagine\/"},{"@type":"ListItem","position":2,"name":"Magazin","item":"https:\/\/www.marianaromanica.ro\/consultanta-de-imagine\/"},{"@type":"ListItem","position":3,"name":"Full Makeover &#8211; 8 sesiuni"}]},{"@type":"WebSite","@id":"https:\/\/www.marianaromanica.ro\/consultanta-de-imagine\/#website","url":"https:\/\/www.marianaromanica.ro\/consultanta-de-imagine\/","name":"Consultanta de imagine","description":"Mariana Romanica","publisher":{"@id":"https:\/\/www.marianaromanica.ro\/consultanta-de-imagine\/#organization"},"potentialAction":[{"@type":"SearchAction","target":{"@type":"EntryPoint","urlTemplate":"https:\/\/www.marianaromanica.ro\/consultanta-de-imagine\/?s={search_term_string}"},"query-input":{"@type":"PropertyValueSpecification","valueRequired":true,"valueName":"search_term_string"}}],"inLanguage":"ro-RO"},{"@type":"Organization","@id":"https:\/\/www.marianaromanica.ro\/consultanta-de-imagine\/#organization","name":"Mariana Romanica Image Consulting","url":"https:\/\/www.marianaromanica.ro\/consultanta-de-imagine\/","logo":{"@type":"ImageObject","inLanguage":"ro-RO","@id":"https:\/\/www.marianaromanica.ro\/consultanta-de-imagine\/#\/schema\/logo\/image\/","url":"https:\/\/www.marianaromanica.ro\/consultanta-de-imagine\/wp-content\/uploads\/2016\/04\/Logo-MR-IMAGE-CONSULTing-e1461401575654.png","contentUrl":"https:\/\/www.marianaromanica.ro\/consultanta-de-imagine\/wp-content\/uploads\/2016\/04\/Logo-MR-IMAGE-CONSULTing-e1461401575654.png","width":500,"height":173,"caption":"Mariana Romanica Image Consulting"},"image":{"@id":"https:\/\/www.marianaromanica.ro\/consultanta-de-imagine\/#\/schema\/logo\/image\/"},"sameAs":["https:\/\/www.facebook.com\/MarianaRomanicaPage\/","https:\/\/x.com\/MarianaRomanica","https:\/\/www.instagram.com\/marianaromanica.ro\/","https:\/\/www.linkedin.com\/in\/mariana-romanica-7a852728?trk=nav_responsive_tab_profile","https:\/\/ro.pinterest.com\/marianaromanica\/","https:\/\/www.youtube.com\/channel\/UCtqcpjkqH12PFT8pgZvljLg"]}]}},"_links":{"self":[{"href":"https:\/\/www.marianaromanica.ro\/consultanta-de-imagine\/wp-json\/wp\/v2\/product\/20452","targetHints":{"allow":["GET"]}}],"collection":[{"href":"https:\/\/www.marianaromanica.ro\/consultanta-de-imagine\/wp-json\/wp\/v2\/product"}],"about":[{"href":"https:\/\/www.marianaromanica.ro\/consultanta-de-imagine\/wp-json\/wp\/v2\/types\/product"}],"replies":[{"embeddable":true,"href":"https:\/\/www.marianaromanica.ro\/consultanta-de-imagine\/wp-json\/wp\/v2\/comments?post=20452"}],"wp:featuredmedia":[{"embeddable":true,"href":"https:\/\/www.marianaromanica.ro\/consultanta-de-imagine\/wp-json\/wp\/v2\/media\/21045"}],"wp:attachment":[{"href":"https:\/\/www.marianaromanica.ro\/consultanta-de-imagine\/wp-json\/wp\/v2\/media?parent=20452"}],"wp:term":[{"taxonomy":"product_brand","embeddable":true,"href":"https:\/\/www.marianaromanica.ro\/consultanta-de-imagine\/wp-json\/wp\/v2\/product_brand?post=20452"},{"taxonomy":"product_cat","embeddable":true,"href":"https:\/\/www.marianaromanica.ro\/consultanta-de-imagine\/wp-json\/wp\/v2\/product_cat?post=20452"},{"taxonomy":"product_tag","embeddable":true,"href":"https:\/\/www.marianaromanica.ro\/consultanta-de-imagine\/wp-json\/wp\/v2\/product_tag?post=20452"}],"curies":[{"name":"wp","href":"https:\/\/api.w.org\/{rel}","templated":true}]}}