{"id":20519,"date":"2017-04-18T10:33:13","date_gmt":"2017-04-18T10:33:13","guid":{"rendered":"http:\/\/www.marianaromanica.ro\/consultanta-de-imagine\/?post_type=product&#038;p=20519"},"modified":"2026-01-08T15:38:31","modified_gmt":"2026-01-08T15:38:31","slug":"forma-corpului-expert","status":"publish","type":"product","link":"https:\/\/www.marianaromanica.ro\/consultanta-de-imagine\/produs\/forma-corpului-expert\/","title":{"rendered":"Forma Corpului &#8211; modul exclusiv"},"content":{"rendered":"<p><span style=\"font-family: arial,helvetica,sans-serif;\">+ m\u0103surarea corpului<br \/>\n+ determinarea formei corpului: clepsidra, para, mar sau dreptunghi?<\/span><span style=\"font-family: arial,helvetica,sans-serif;\"><br \/>\n+ tipul de haine, accesorii si bijuterii potrivite formei corpului tau<br \/>\n+ demonstratii de styling corespunzatoare formei corpului<br \/>\n+ forma fetei si coafura ideala in functie de aceasta<br \/>\n+ ghid complet in format electronic (engl)<\/span><\/p>\n<p><span style=\"font-family: arial,helvetica,sans-serif;\">Durata: 1h<\/span><br \/>\n<span style=\"font-family: arial,helvetica,sans-serif;\"> Mai multe detalii <a href=\"https:\/\/consultantadeimagine.ro\/forma-corpului\/\" target=\"_blank\" rel=\"noopener noreferrer\">aici<\/a><\/span><\/p>\n","protected":false},"excerpt":{"rendered":"<div class=\"woocommerce-product-details__short-description\">\n<p>&nbsp;<\/p>\n<p><span style=\"font-family: arial,helvetica,sans-serif;\">Sesiunea de <strong>Forma Corpului<\/strong>\u00a0te ajuta s\u0103 \u00een\u0163elegi care este cu adev\u0103rat <em>forma corpului t\u0103u<\/em>, \u00een func\u0163ie de anumi\u0163i parametrii specializa\u0163i. Doar astfel se determin\u0103 apoi care este croiala celor mai <em>potrivite haine<\/em>, lungimile care avantajeaz\u0103 corpul, tipul de talie potrivit\u0103, tipul de accesorii \u015fi bijuterii potrivite \u015fi formula personalizat\u0103 de modelare a corpului.<\/span><\/p>\n<p>&nbsp;<\/p>\n<\/div>\n","protected":false},"featured_media":21019,"comment_status":"open","ping_status":"closed","template":"","meta":{"_monsterinsights_skip_tracking":false,"_monsterinsights_sitenote_active":false,"_monsterinsights_sitenote_note":"","_monsterinsights_sitenote_category":0},"product_brand":[],"product_cat":[292],"product_tag":[221,222,225,224,223],"class_list":{"0":"post-20519","1":"product","2":"type-product","3":"status-publish","4":"has-post-thumbnail","6":"product_cat-servicii-stil","7":"product_tag-forma-corpului","8":"product_tag-forma-corpului-clepsidra","9":"product_tag-forma-corpului-dreptunghi","10":"product_tag-forma-corpului-mar","11":"product_tag-forma-corpului-para","13":"first","14":"instock","15":"shipping-taxable","16":"purchasable","17":"product-type-simple"},"yoast_head":"<!-- This site is optimized with the Yoast SEO plugin v25.1 - https:\/\/yoast.com\/wordpress\/plugins\/seo\/ -->\n<title>Forma Corpului - modul exclusiv - Consultanta de imagine<\/title>\n<meta name=\"description\" content=\"Sesiunea de Forma Corpului Expert te ajuta sa intelegi totul despre forma corpului tau, pentru a putea alege apoi hainele cu croieli ideale\" \/>\n<meta name=\"robots\" content=\"index, follow, max-snippet:-1, max-image-preview:large, max-video-preview:-1\" \/>\n<link rel=\"canonical\" href=\"https:\/\/www.marianaromanica.ro\/consultanta-de-imagine\/produs\/forma-corpului-expert\/\" \/>\n<meta property=\"og:locale\" content=\"ro_RO\" \/>\n<meta property=\"og:type\" content=\"article\" \/>\n<meta property=\"og:title\" content=\"Forma Corpului - modul exclusiv - Consultanta de imagine\" \/>\n<meta property=\"og:description\" content=\"Sesiunea de Forma Corpului Expert te ajuta sa intelegi totul despre forma corpului tau, pentru a putea alege apoi hainele cu croieli ideale\" \/>\n<meta property=\"og:url\" content=\"https:\/\/www.marianaromanica.ro\/consultanta-de-imagine\/produs\/forma-corpului-expert\/\" \/>\n<meta property=\"og:site_name\" content=\"Consultanta de imagine\" \/>\n<meta property=\"article:publisher\" content=\"https:\/\/www.facebook.com\/MarianaRomanicaPage\/\" \/>\n<meta property=\"article:modified_time\" content=\"2026-01-08T15:38:31+00:00\" \/>\n<meta property=\"og:image\" content=\"https:\/\/www.marianaromanica.ro\/consultanta-de-imagine\/wp-content\/uploads\/2017\/04\/FC-EXPERT.jpg\" \/>\n\t<meta property=\"og:image:width\" content=\"1200\" \/>\n\t<meta property=\"og:image:height\" content=\"1200\" \/>\n\t<meta property=\"og:image:type\" content=\"image\/jpeg\" \/>\n<meta name=\"twitter:card\" content=\"summary_large_image\" \/>\n<meta name=\"twitter:site\" content=\"@MarianaRomanica\" \/>\n<meta name=\"twitter:label1\" content=\"Timp estimat pentru citire\" \/>\n\t<meta name=\"twitter:data1\" content=\"1 minut\" \/>\n<script type=\"application\/ld+json\" class=\"yoast-schema-graph\">{\"@context\":\"https:\/\/schema.org\",\"@graph\":[{\"@type\":\"WebPage\",\"@id\":\"https:\/\/www.marianaromanica.ro\/consultanta-de-imagine\/produs\/forma-corpului-expert\/\",\"url\":\"https:\/\/www.marianaromanica.ro\/consultanta-de-imagine\/produs\/forma-corpului-expert\/\",\"name\":\"Forma Corpului - modul exclusiv - Consultanta de imagine\",\"isPartOf\":{\"@id\":\"https:\/\/www.marianaromanica.ro\/consultanta-de-imagine\/#website\"},\"primaryImageOfPage\":{\"@id\":\"https:\/\/www.marianaromanica.ro\/consultanta-de-imagine\/produs\/forma-corpului-expert\/#primaryimage\"},\"image\":{\"@id\":\"https:\/\/www.marianaromanica.ro\/consultanta-de-imagine\/produs\/forma-corpului-expert\/#primaryimage\"},\"thumbnailUrl\":\"https:\/\/www.marianaromanica.ro\/consultanta-de-imagine\/wp-content\/uploads\/2017\/04\/FC-EXPERT.jpg\",\"datePublished\":\"2017-04-18T10:33:13+00:00\",\"dateModified\":\"2026-01-08T15:38:31+00:00\",\"description\":\"Sesiunea de Forma Corpului Expert te ajuta sa intelegi totul despre forma corpului tau, pentru a putea alege apoi hainele cu croieli ideale\",\"breadcrumb\":{\"@id\":\"https:\/\/www.marianaromanica.ro\/consultanta-de-imagine\/produs\/forma-corpului-expert\/#breadcrumb\"},\"inLanguage\":\"ro-RO\",\"potentialAction\":[{\"@type\":\"ReadAction\",\"target\":[\"https:\/\/www.marianaromanica.ro\/consultanta-de-imagine\/produs\/forma-corpului-expert\/\"]}]},{\"@type\":\"ImageObject\",\"inLanguage\":\"ro-RO\",\"@id\":\"https:\/\/www.marianaromanica.ro\/consultanta-de-imagine\/produs\/forma-corpului-expert\/#primaryimage\",\"url\":\"https:\/\/www.marianaromanica.ro\/consultanta-de-imagine\/wp-content\/uploads\/2017\/04\/FC-EXPERT.jpg\",\"contentUrl\":\"https:\/\/www.marianaromanica.ro\/consultanta-de-imagine\/wp-content\/uploads\/2017\/04\/FC-EXPERT.jpg\",\"width\":1200,\"height\":1200},{\"@type\":\"BreadcrumbList\",\"@id\":\"https:\/\/www.marianaromanica.ro\/consultanta-de-imagine\/produs\/forma-corpului-expert\/#breadcrumb\",\"itemListElement\":[{\"@type\":\"ListItem\",\"position\":1,\"name\":\"Acas\u0103\",\"item\":\"https:\/\/www.marianaromanica.ro\/consultanta-de-imagine\/\"},{\"@type\":\"ListItem\",\"position\":2,\"name\":\"Magazin\",\"item\":\"https:\/\/www.marianaromanica.ro\/consultanta-de-imagine\/\"},{\"@type\":\"ListItem\",\"position\":3,\"name\":\"Forma Corpului &#8211; modul exclusiv\"}]},{\"@type\":\"WebSite\",\"@id\":\"https:\/\/www.marianaromanica.ro\/consultanta-de-imagine\/#website\",\"url\":\"https:\/\/www.marianaromanica.ro\/consultanta-de-imagine\/\",\"name\":\"Consultanta de imagine\",\"description\":\"Mariana Romanica\",\"publisher\":{\"@id\":\"https:\/\/www.marianaromanica.ro\/consultanta-de-imagine\/#organization\"},\"potentialAction\":[{\"@type\":\"SearchAction\",\"target\":{\"@type\":\"EntryPoint\",\"urlTemplate\":\"https:\/\/www.marianaromanica.ro\/consultanta-de-imagine\/?s={search_term_string}\"},\"query-input\":{\"@type\":\"PropertyValueSpecification\",\"valueRequired\":true,\"valueName\":\"search_term_string\"}}],\"inLanguage\":\"ro-RO\"},{\"@type\":\"Organization\",\"@id\":\"https:\/\/www.marianaromanica.ro\/consultanta-de-imagine\/#organization\",\"name\":\"Mariana Romanica Image Consulting\",\"url\":\"https:\/\/www.marianaromanica.ro\/consultanta-de-imagine\/\",\"logo\":{\"@type\":\"ImageObject\",\"inLanguage\":\"ro-RO\",\"@id\":\"https:\/\/www.marianaromanica.ro\/consultanta-de-imagine\/#\/schema\/logo\/image\/\",\"url\":\"https:\/\/www.marianaromanica.ro\/consultanta-de-imagine\/wp-content\/uploads\/2016\/04\/Logo-MR-IMAGE-CONSULTing-e1461401575654.png\",\"contentUrl\":\"https:\/\/www.marianaromanica.ro\/consultanta-de-imagine\/wp-content\/uploads\/2016\/04\/Logo-MR-IMAGE-CONSULTing-e1461401575654.png\",\"width\":500,\"height\":173,\"caption\":\"Mariana Romanica Image Consulting\"},\"image\":{\"@id\":\"https:\/\/www.marianaromanica.ro\/consultanta-de-imagine\/#\/schema\/logo\/image\/\"},\"sameAs\":[\"https:\/\/www.facebook.com\/MarianaRomanicaPage\/\",\"https:\/\/x.com\/MarianaRomanica\",\"https:\/\/www.instagram.com\/marianaromanica.ro\/\",\"https:\/\/www.linkedin.com\/in\/mariana-romanica-7a852728?trk=nav_responsive_tab_profile\",\"https:\/\/ro.pinterest.com\/marianaromanica\/\",\"https:\/\/www.youtube.com\/channel\/UCtqcpjkqH12PFT8pgZvljLg\"]}]}<\/script>\n<!-- \/ Yoast SEO plugin. -->","yoast_head_json":{"title":"Forma Corpului - modul exclusiv - Consultanta de imagine","description":"Sesiunea de Forma Corpului Expert te ajuta sa intelegi totul despre forma corpului tau, pentru a putea alege apoi hainele cu croieli ideale","robots":{"index":"index","follow":"follow","max-snippet":"max-snippet:-1","max-image-preview":"max-image-preview:large","max-video-preview":"max-video-preview:-1"},"canonical":"https:\/\/www.marianaromanica.ro\/consultanta-de-imagine\/produs\/forma-corpului-expert\/","og_locale":"ro_RO","og_type":"article","og_title":"Forma Corpului - modul exclusiv - Consultanta de imagine","og_description":"Sesiunea de Forma Corpului Expert te ajuta sa intelegi totul despre forma corpului tau, pentru a putea alege apoi hainele cu croieli ideale","og_url":"https:\/\/www.marianaromanica.ro\/consultanta-de-imagine\/produs\/forma-corpului-expert\/","og_site_name":"Consultanta de imagine","article_publisher":"https:\/\/www.facebook.com\/MarianaRomanicaPage\/","article_modified_time":"2026-01-08T15:38:31+00:00","og_image":[{"width":1200,"height":1200,"url":"https:\/\/www.marianaromanica.ro\/consultanta-de-imagine\/wp-content\/uploads\/2017\/04\/FC-EXPERT.jpg","type":"image\/jpeg"}],"twitter_card":"summary_large_image","twitter_site":"@MarianaRomanica","twitter_misc":{"Timp estimat pentru citire":"1 minut"},"schema":{"@context":"https:\/\/schema.org","@graph":[{"@type":"WebPage","@id":"https:\/\/www.marianaromanica.ro\/consultanta-de-imagine\/produs\/forma-corpului-expert\/","url":"https:\/\/www.marianaromanica.ro\/consultanta-de-imagine\/produs\/forma-corpului-expert\/","name":"Forma Corpului - modul exclusiv - Consultanta de imagine","isPartOf":{"@id":"https:\/\/www.marianaromanica.ro\/consultanta-de-imagine\/#website"},"primaryImageOfPage":{"@id":"https:\/\/www.marianaromanica.ro\/consultanta-de-imagine\/produs\/forma-corpului-expert\/#primaryimage"},"image":{"@id":"https:\/\/www.marianaromanica.ro\/consultanta-de-imagine\/produs\/forma-corpului-expert\/#primaryimage"},"thumbnailUrl":"https:\/\/www.marianaromanica.ro\/consultanta-de-imagine\/wp-content\/uploads\/2017\/04\/FC-EXPERT.jpg","datePublished":"2017-04-18T10:33:13+00:00","dateModified":"2026-01-08T15:38:31+00:00","description":"Sesiunea de Forma Corpului Expert te ajuta sa intelegi totul despre forma corpului tau, pentru a putea alege apoi hainele cu croieli ideale","breadcrumb":{"@id":"https:\/\/www.marianaromanica.ro\/consultanta-de-imagine\/produs\/forma-corpului-expert\/#breadcrumb"},"inLanguage":"ro-RO","potentialAction":[{"@type":"ReadAction","target":["https:\/\/www.marianaromanica.ro\/consultanta-de-imagine\/produs\/forma-corpului-expert\/"]}]},{"@type":"ImageObject","inLanguage":"ro-RO","@id":"https:\/\/www.marianaromanica.ro\/consultanta-de-imagine\/produs\/forma-corpului-expert\/#primaryimage","url":"https:\/\/www.marianaromanica.ro\/consultanta-de-imagine\/wp-content\/uploads\/2017\/04\/FC-EXPERT.jpg","contentUrl":"https:\/\/www.marianaromanica.ro\/consultanta-de-imagine\/wp-content\/uploads\/2017\/04\/FC-EXPERT.jpg","width":1200,"height":1200},{"@type":"BreadcrumbList","@id":"https:\/\/www.marianaromanica.ro\/consultanta-de-imagine\/produs\/forma-corpului-expert\/#breadcrumb","itemListElement":[{"@type":"ListItem","position":1,"name":"Acas\u0103","item":"https:\/\/www.marianaromanica.ro\/consultanta-de-imagine\/"},{"@type":"ListItem","position":2,"name":"Magazin","item":"https:\/\/www.marianaromanica.ro\/consultanta-de-imagine\/"},{"@type":"ListItem","position":3,"name":"Forma Corpului &#8211; modul exclusiv"}]},{"@type":"WebSite","@id":"https:\/\/www.marianaromanica.ro\/consultanta-de-imagine\/#website","url":"https:\/\/www.marianaromanica.ro\/consultanta-de-imagine\/","name":"Consultanta de imagine","description":"Mariana Romanica","publisher":{"@id":"https:\/\/www.marianaromanica.ro\/consultanta-de-imagine\/#organization"},"potentialAction":[{"@type":"SearchAction","target":{"@type":"EntryPoint","urlTemplate":"https:\/\/www.marianaromanica.ro\/consultanta-de-imagine\/?s={search_term_string}"},"query-input":{"@type":"PropertyValueSpecification","valueRequired":true,"valueName":"search_term_string"}}],"inLanguage":"ro-RO"},{"@type":"Organization","@id":"https:\/\/www.marianaromanica.ro\/consultanta-de-imagine\/#organization","name":"Mariana Romanica Image Consulting","url":"https:\/\/www.marianaromanica.ro\/consultanta-de-imagine\/","logo":{"@type":"ImageObject","inLanguage":"ro-RO","@id":"https:\/\/www.marianaromanica.ro\/consultanta-de-imagine\/#\/schema\/logo\/image\/","url":"https:\/\/www.marianaromanica.ro\/consultanta-de-imagine\/wp-content\/uploads\/2016\/04\/Logo-MR-IMAGE-CONSULTing-e1461401575654.png","contentUrl":"https:\/\/www.marianaromanica.ro\/consultanta-de-imagine\/wp-content\/uploads\/2016\/04\/Logo-MR-IMAGE-CONSULTing-e1461401575654.png","width":500,"height":173,"caption":"Mariana Romanica Image Consulting"},"image":{"@id":"https:\/\/www.marianaromanica.ro\/consultanta-de-imagine\/#\/schema\/logo\/image\/"},"sameAs":["https:\/\/www.facebook.com\/MarianaRomanicaPage\/","https:\/\/x.com\/MarianaRomanica","https:\/\/www.instagram.com\/marianaromanica.ro\/","https:\/\/www.linkedin.com\/in\/mariana-romanica-7a852728?trk=nav_responsive_tab_profile","https:\/\/ro.pinterest.com\/marianaromanica\/","https:\/\/www.youtube.com\/channel\/UCtqcpjkqH12PFT8pgZvljLg"]}]}},"_links":{"self":[{"href":"https:\/\/www.marianaromanica.ro\/consultanta-de-imagine\/wp-json\/wp\/v2\/product\/20519","targetHints":{"allow":["GET"]}}],"collection":[{"href":"https:\/\/www.marianaromanica.ro\/consultanta-de-imagine\/wp-json\/wp\/v2\/product"}],"about":[{"href":"https:\/\/www.marianaromanica.ro\/consultanta-de-imagine\/wp-json\/wp\/v2\/types\/product"}],"replies":[{"embeddable":true,"href":"https:\/\/www.marianaromanica.ro\/consultanta-de-imagine\/wp-json\/wp\/v2\/comments?post=20519"}],"wp:featuredmedia":[{"embeddable":true,"href":"https:\/\/www.marianaromanica.ro\/consultanta-de-imagine\/wp-json\/wp\/v2\/media\/21019"}],"wp:attachment":[{"href":"https:\/\/www.marianaromanica.ro\/consultanta-de-imagine\/wp-json\/wp\/v2\/media?parent=20519"}],"wp:term":[{"taxonomy":"product_brand","embeddable":true,"href":"https:\/\/www.marianaromanica.ro\/consultanta-de-imagine\/wp-json\/wp\/v2\/product_brand?post=20519"},{"taxonomy":"product_cat","embeddable":true,"href":"https:\/\/www.marianaromanica.ro\/consultanta-de-imagine\/wp-json\/wp\/v2\/product_cat?post=20519"},{"taxonomy":"product_tag","embeddable":true,"href":"https:\/\/www.marianaromanica.ro\/consultanta-de-imagine\/wp-json\/wp\/v2\/product_tag?post=20519"}],"curies":[{"name":"wp","href":"https:\/\/api.w.org\/{rel}","templated":true}]}}