{"id":22181,"date":"2025-06-23T15:47:32","date_gmt":"2025-06-23T15:47:32","guid":{"rendered":"https:\/\/www.marianaromanica.ro\/consultanta-de-imagine\/?post_type=product&#038;p=22181"},"modified":"2025-06-23T15:47:32","modified_gmt":"2025-06-23T15:47:32","slug":"kit-identificare-subtonul-pielii","status":"publish","type":"product","link":"https:\/\/www.marianaromanica.ro\/consultanta-de-imagine\/produs\/kit-identificare-subtonul-pielii\/","title":{"rendered":"Kit identificare subtonul pielii"},"content":{"rendered":"<p>Faceboard profesional tip sablon cu paleta de culori pentru identificarea supratonului pielii<\/p>\n<p>Instruc\u021biuni:<br \/>\n&#8211; se va folosi exclusiv pe tenul curat al clientului, f\u0103r\u0103 machiaj<br \/>\n&#8211; se ia \u00een calcul culoarea p\u0103rului doar dac\u0103 nu este vopsit \u00eentr-o culoare total diferit\u0103 de culoarea natural\u0103<\/p>\n","protected":false},"excerpt":{"rendered":"<p>Faceboard profesional tip paleta de culori pentru identificarea supratonului pielii<\/p>\n<p>Trei faceboards dedicate, cu 24 de nuan\u021be specifice fiec\u0103rei tipologie de supraton:<br \/>\n&#8211; cald, cu tonuri dominate de supraton oranj<br \/>\n&#8211; neutru, cu tonuri dominanate de supraton beige \u0219i gri<br \/>\n&#8211; rece, cu tonuri dominate de supraton roz-alb\u0103strui<\/p>\n<p>Culori deschise, medii \u0219i \u00eenchise care te ajut\u0103 s\u0103 identifici supratonul pielii pentru clienta ta.<br \/>\nPotrivit pentru make-up artisti, hairstilisti, speciali\u0219ti \u00een micropigmentare, designeri vestimentari, esteticieni, dar \u0219i pentru consilieri vestimentari, consultan\u021bi cromatici \u0219i stili\u0219ti personali, analiza cromatica<\/p>\n<p>PRODUS PROFESIONAL<br \/>\nRealizat de c\u0103tre expertul \u00een cromatic\u0103 Mariana Romanic\u0103, trainer acreditat \u0219i certificat interna\u021bionl AICI &amp; IACET\u00a0 4x4ColorSystem\u2122, dedicat exclusiv identific\u0103rii nuan\u021bei supratonului pielii.<\/p>\n<p>Produs din carton specializat, cu finish semi-mat.<br \/>\nTermen de livrare: 5-8 zile lucr\u0103toare<\/p>\n","protected":false},"featured_media":22182,"comment_status":"open","ping_status":"closed","template":"","meta":{"_monsterinsights_skip_tracking":false,"_monsterinsights_sitenote_active":false,"_monsterinsights_sitenote_note":"","_monsterinsights_sitenote_category":0},"product_brand":[],"product_cat":[334],"product_tag":[],"class_list":{"0":"post-22181","1":"product","2":"type-product","3":"status-publish","4":"has-post-thumbnail","6":"product_cat-image-consulting-tools","8":"first","9":"instock","10":"shipping-taxable","11":"purchasable","12":"product-type-simple"},"yoast_head":"<!-- This site is optimized with the Yoast SEO plugin v25.1 - https:\/\/yoast.com\/wordpress\/plugins\/seo\/ -->\n<title>Kit identificare subtonul pielii - Consultanta de imagine<\/title>\n<meta name=\"robots\" content=\"index, follow, max-snippet:-1, max-image-preview:large, max-video-preview:-1\" \/>\n<link rel=\"canonical\" href=\"https:\/\/www.marianaromanica.ro\/consultanta-de-imagine\/produs\/kit-identificare-subtonul-pielii\/\" \/>\n<meta property=\"og:locale\" content=\"ro_RO\" \/>\n<meta property=\"og:type\" content=\"article\" \/>\n<meta property=\"og:title\" content=\"Kit identificare subtonul pielii - Consultanta de imagine\" \/>\n<meta property=\"og:description\" content=\"Faceboard profesional tip paleta de culori pentru identificarea supratonului pielii  Trei faceboards dedicate, cu 24 de nuan\u021be specifice fiec\u0103rei tipologie de supraton: - cald, cu tonuri dominate de supraton oranj - neutru, cu tonuri dominanate de supraton beige \u0219i gri - rece, cu tonuri dominate de supraton roz-alb\u0103strui  Culori deschise, medii \u0219i \u00eenchise care te ajut\u0103 s\u0103 identifici supratonul pielii pentru clienta ta. Potrivit pentru make-up artisti, hairstilisti, speciali\u0219ti \u00een micropigmentare, designeri vestimentari, esteticieni, dar \u0219i pentru consilieri vestimentari, consultan\u021bi cromatici \u0219i stili\u0219ti personali, analiza cromatica  PRODUS PROFESIONAL Realizat de c\u0103tre expertul \u00een cromatic\u0103 Mariana Romanic\u0103, trainer acreditat \u0219i certificat interna\u021bionl AICI &amp; IACET\u00a0 4x4ColorSystem\u2122, dedicat exclusiv identific\u0103rii nuan\u021bei supratonului pielii.  Produs din carton specializat, cu finish semi-mat. Termen de livrare: 5-8 zile lucr\u0103toare\" \/>\n<meta property=\"og:url\" content=\"https:\/\/www.marianaromanica.ro\/consultanta-de-imagine\/produs\/kit-identificare-subtonul-pielii\/\" \/>\n<meta property=\"og:site_name\" content=\"Consultanta de imagine\" \/>\n<meta property=\"article:publisher\" content=\"https:\/\/www.facebook.com\/MarianaRomanicaPage\/\" \/>\n<meta property=\"og:image\" content=\"https:\/\/www.marianaromanica.ro\/consultanta-de-imagine\/wp-content\/uploads\/2025\/06\/KIT-IDENTIFICARE-SUBTONUL-PIELII.jpg\" \/>\n\t<meta property=\"og:image:width\" content=\"768\" \/>\n\t<meta property=\"og:image:height\" content=\"1024\" \/>\n\t<meta property=\"og:image:type\" content=\"image\/jpeg\" \/>\n<meta name=\"twitter:card\" content=\"summary_large_image\" \/>\n<meta name=\"twitter:site\" content=\"@MarianaRomanica\" \/>\n<meta name=\"twitter:label1\" content=\"Timp estimat pentru citire\" \/>\n\t<meta name=\"twitter:data1\" content=\"1 minut\" \/>\n<script type=\"application\/ld+json\" class=\"yoast-schema-graph\">{\"@context\":\"https:\/\/schema.org\",\"@graph\":[{\"@type\":\"WebPage\",\"@id\":\"https:\/\/www.marianaromanica.ro\/consultanta-de-imagine\/produs\/kit-identificare-subtonul-pielii\/\",\"url\":\"https:\/\/www.marianaromanica.ro\/consultanta-de-imagine\/produs\/kit-identificare-subtonul-pielii\/\",\"name\":\"Kit identificare subtonul pielii - Consultanta de imagine\",\"isPartOf\":{\"@id\":\"https:\/\/www.marianaromanica.ro\/consultanta-de-imagine\/#website\"},\"primaryImageOfPage\":{\"@id\":\"https:\/\/www.marianaromanica.ro\/consultanta-de-imagine\/produs\/kit-identificare-subtonul-pielii\/#primaryimage\"},\"image\":{\"@id\":\"https:\/\/www.marianaromanica.ro\/consultanta-de-imagine\/produs\/kit-identificare-subtonul-pielii\/#primaryimage\"},\"thumbnailUrl\":\"https:\/\/www.marianaromanica.ro\/consultanta-de-imagine\/wp-content\/uploads\/2025\/06\/KIT-IDENTIFICARE-SUBTONUL-PIELII.jpg\",\"datePublished\":\"2025-06-23T15:47:32+00:00\",\"breadcrumb\":{\"@id\":\"https:\/\/www.marianaromanica.ro\/consultanta-de-imagine\/produs\/kit-identificare-subtonul-pielii\/#breadcrumb\"},\"inLanguage\":\"ro-RO\",\"potentialAction\":[{\"@type\":\"ReadAction\",\"target\":[\"https:\/\/www.marianaromanica.ro\/consultanta-de-imagine\/produs\/kit-identificare-subtonul-pielii\/\"]}]},{\"@type\":\"ImageObject\",\"inLanguage\":\"ro-RO\",\"@id\":\"https:\/\/www.marianaromanica.ro\/consultanta-de-imagine\/produs\/kit-identificare-subtonul-pielii\/#primaryimage\",\"url\":\"https:\/\/www.marianaromanica.ro\/consultanta-de-imagine\/wp-content\/uploads\/2025\/06\/KIT-IDENTIFICARE-SUBTONUL-PIELII.jpg\",\"contentUrl\":\"https:\/\/www.marianaromanica.ro\/consultanta-de-imagine\/wp-content\/uploads\/2025\/06\/KIT-IDENTIFICARE-SUBTONUL-PIELII.jpg\",\"width\":768,\"height\":1024},{\"@type\":\"BreadcrumbList\",\"@id\":\"https:\/\/www.marianaromanica.ro\/consultanta-de-imagine\/produs\/kit-identificare-subtonul-pielii\/#breadcrumb\",\"itemListElement\":[{\"@type\":\"ListItem\",\"position\":1,\"name\":\"Acas\u0103\",\"item\":\"https:\/\/www.marianaromanica.ro\/consultanta-de-imagine\/\"},{\"@type\":\"ListItem\",\"position\":2,\"name\":\"Magazin\",\"item\":\"https:\/\/www.marianaromanica.ro\/consultanta-de-imagine\/\"},{\"@type\":\"ListItem\",\"position\":3,\"name\":\"Kit identificare subtonul pielii\"}]},{\"@type\":\"WebSite\",\"@id\":\"https:\/\/www.marianaromanica.ro\/consultanta-de-imagine\/#website\",\"url\":\"https:\/\/www.marianaromanica.ro\/consultanta-de-imagine\/\",\"name\":\"Consultanta de imagine\",\"description\":\"Mariana Romanica\",\"publisher\":{\"@id\":\"https:\/\/www.marianaromanica.ro\/consultanta-de-imagine\/#organization\"},\"potentialAction\":[{\"@type\":\"SearchAction\",\"target\":{\"@type\":\"EntryPoint\",\"urlTemplate\":\"https:\/\/www.marianaromanica.ro\/consultanta-de-imagine\/?s={search_term_string}\"},\"query-input\":{\"@type\":\"PropertyValueSpecification\",\"valueRequired\":true,\"valueName\":\"search_term_string\"}}],\"inLanguage\":\"ro-RO\"},{\"@type\":\"Organization\",\"@id\":\"https:\/\/www.marianaromanica.ro\/consultanta-de-imagine\/#organization\",\"name\":\"Mariana Romanica Image Consulting\",\"url\":\"https:\/\/www.marianaromanica.ro\/consultanta-de-imagine\/\",\"logo\":{\"@type\":\"ImageObject\",\"inLanguage\":\"ro-RO\",\"@id\":\"https:\/\/www.marianaromanica.ro\/consultanta-de-imagine\/#\/schema\/logo\/image\/\",\"url\":\"https:\/\/www.marianaromanica.ro\/consultanta-de-imagine\/wp-content\/uploads\/2016\/04\/Logo-MR-IMAGE-CONSULTing-e1461401575654.png\",\"contentUrl\":\"https:\/\/www.marianaromanica.ro\/consultanta-de-imagine\/wp-content\/uploads\/2016\/04\/Logo-MR-IMAGE-CONSULTing-e1461401575654.png\",\"width\":500,\"height\":173,\"caption\":\"Mariana Romanica Image Consulting\"},\"image\":{\"@id\":\"https:\/\/www.marianaromanica.ro\/consultanta-de-imagine\/#\/schema\/logo\/image\/\"},\"sameAs\":[\"https:\/\/www.facebook.com\/MarianaRomanicaPage\/\",\"https:\/\/x.com\/MarianaRomanica\",\"https:\/\/www.instagram.com\/marianaromanica.ro\/\",\"https:\/\/www.linkedin.com\/in\/mariana-romanica-7a852728?trk=nav_responsive_tab_profile\",\"https:\/\/ro.pinterest.com\/marianaromanica\/\",\"https:\/\/www.youtube.com\/channel\/UCtqcpjkqH12PFT8pgZvljLg\"]}]}<\/script>\n<!-- \/ Yoast SEO plugin. -->","yoast_head_json":{"title":"Kit identificare subtonul pielii - Consultanta de imagine","robots":{"index":"index","follow":"follow","max-snippet":"max-snippet:-1","max-image-preview":"max-image-preview:large","max-video-preview":"max-video-preview:-1"},"canonical":"https:\/\/www.marianaromanica.ro\/consultanta-de-imagine\/produs\/kit-identificare-subtonul-pielii\/","og_locale":"ro_RO","og_type":"article","og_title":"Kit identificare subtonul pielii - Consultanta de imagine","og_description":"Faceboard profesional tip paleta de culori pentru identificarea supratonului pielii  Trei faceboards dedicate, cu 24 de nuan\u021be specifice fiec\u0103rei tipologie de supraton: - cald, cu tonuri dominate de supraton oranj - neutru, cu tonuri dominanate de supraton beige \u0219i gri - rece, cu tonuri dominate de supraton roz-alb\u0103strui  Culori deschise, medii \u0219i \u00eenchise care te ajut\u0103 s\u0103 identifici supratonul pielii pentru clienta ta. Potrivit pentru make-up artisti, hairstilisti, speciali\u0219ti \u00een micropigmentare, designeri vestimentari, esteticieni, dar \u0219i pentru consilieri vestimentari, consultan\u021bi cromatici \u0219i stili\u0219ti personali, analiza cromatica  PRODUS PROFESIONAL Realizat de c\u0103tre expertul \u00een cromatic\u0103 Mariana Romanic\u0103, trainer acreditat \u0219i certificat interna\u021bionl AICI &amp; IACET\u00a0 4x4ColorSystem\u2122, dedicat exclusiv identific\u0103rii nuan\u021bei supratonului pielii.  Produs din carton specializat, cu finish semi-mat. Termen de livrare: 5-8 zile lucr\u0103toare","og_url":"https:\/\/www.marianaromanica.ro\/consultanta-de-imagine\/produs\/kit-identificare-subtonul-pielii\/","og_site_name":"Consultanta de imagine","article_publisher":"https:\/\/www.facebook.com\/MarianaRomanicaPage\/","og_image":[{"width":768,"height":1024,"url":"https:\/\/www.marianaromanica.ro\/consultanta-de-imagine\/wp-content\/uploads\/2025\/06\/KIT-IDENTIFICARE-SUBTONUL-PIELII.jpg","type":"image\/jpeg"}],"twitter_card":"summary_large_image","twitter_site":"@MarianaRomanica","twitter_misc":{"Timp estimat pentru citire":"1 minut"},"schema":{"@context":"https:\/\/schema.org","@graph":[{"@type":"WebPage","@id":"https:\/\/www.marianaromanica.ro\/consultanta-de-imagine\/produs\/kit-identificare-subtonul-pielii\/","url":"https:\/\/www.marianaromanica.ro\/consultanta-de-imagine\/produs\/kit-identificare-subtonul-pielii\/","name":"Kit identificare subtonul pielii - Consultanta de imagine","isPartOf":{"@id":"https:\/\/www.marianaromanica.ro\/consultanta-de-imagine\/#website"},"primaryImageOfPage":{"@id":"https:\/\/www.marianaromanica.ro\/consultanta-de-imagine\/produs\/kit-identificare-subtonul-pielii\/#primaryimage"},"image":{"@id":"https:\/\/www.marianaromanica.ro\/consultanta-de-imagine\/produs\/kit-identificare-subtonul-pielii\/#primaryimage"},"thumbnailUrl":"https:\/\/www.marianaromanica.ro\/consultanta-de-imagine\/wp-content\/uploads\/2025\/06\/KIT-IDENTIFICARE-SUBTONUL-PIELII.jpg","datePublished":"2025-06-23T15:47:32+00:00","breadcrumb":{"@id":"https:\/\/www.marianaromanica.ro\/consultanta-de-imagine\/produs\/kit-identificare-subtonul-pielii\/#breadcrumb"},"inLanguage":"ro-RO","potentialAction":[{"@type":"ReadAction","target":["https:\/\/www.marianaromanica.ro\/consultanta-de-imagine\/produs\/kit-identificare-subtonul-pielii\/"]}]},{"@type":"ImageObject","inLanguage":"ro-RO","@id":"https:\/\/www.marianaromanica.ro\/consultanta-de-imagine\/produs\/kit-identificare-subtonul-pielii\/#primaryimage","url":"https:\/\/www.marianaromanica.ro\/consultanta-de-imagine\/wp-content\/uploads\/2025\/06\/KIT-IDENTIFICARE-SUBTONUL-PIELII.jpg","contentUrl":"https:\/\/www.marianaromanica.ro\/consultanta-de-imagine\/wp-content\/uploads\/2025\/06\/KIT-IDENTIFICARE-SUBTONUL-PIELII.jpg","width":768,"height":1024},{"@type":"BreadcrumbList","@id":"https:\/\/www.marianaromanica.ro\/consultanta-de-imagine\/produs\/kit-identificare-subtonul-pielii\/#breadcrumb","itemListElement":[{"@type":"ListItem","position":1,"name":"Acas\u0103","item":"https:\/\/www.marianaromanica.ro\/consultanta-de-imagine\/"},{"@type":"ListItem","position":2,"name":"Magazin","item":"https:\/\/www.marianaromanica.ro\/consultanta-de-imagine\/"},{"@type":"ListItem","position":3,"name":"Kit identificare subtonul pielii"}]},{"@type":"WebSite","@id":"https:\/\/www.marianaromanica.ro\/consultanta-de-imagine\/#website","url":"https:\/\/www.marianaromanica.ro\/consultanta-de-imagine\/","name":"Consultanta de imagine","description":"Mariana Romanica","publisher":{"@id":"https:\/\/www.marianaromanica.ro\/consultanta-de-imagine\/#organization"},"potentialAction":[{"@type":"SearchAction","target":{"@type":"EntryPoint","urlTemplate":"https:\/\/www.marianaromanica.ro\/consultanta-de-imagine\/?s={search_term_string}"},"query-input":{"@type":"PropertyValueSpecification","valueRequired":true,"valueName":"search_term_string"}}],"inLanguage":"ro-RO"},{"@type":"Organization","@id":"https:\/\/www.marianaromanica.ro\/consultanta-de-imagine\/#organization","name":"Mariana Romanica Image Consulting","url":"https:\/\/www.marianaromanica.ro\/consultanta-de-imagine\/","logo":{"@type":"ImageObject","inLanguage":"ro-RO","@id":"https:\/\/www.marianaromanica.ro\/consultanta-de-imagine\/#\/schema\/logo\/image\/","url":"https:\/\/www.marianaromanica.ro\/consultanta-de-imagine\/wp-content\/uploads\/2016\/04\/Logo-MR-IMAGE-CONSULTing-e1461401575654.png","contentUrl":"https:\/\/www.marianaromanica.ro\/consultanta-de-imagine\/wp-content\/uploads\/2016\/04\/Logo-MR-IMAGE-CONSULTing-e1461401575654.png","width":500,"height":173,"caption":"Mariana Romanica Image Consulting"},"image":{"@id":"https:\/\/www.marianaromanica.ro\/consultanta-de-imagine\/#\/schema\/logo\/image\/"},"sameAs":["https:\/\/www.facebook.com\/MarianaRomanicaPage\/","https:\/\/x.com\/MarianaRomanica","https:\/\/www.instagram.com\/marianaromanica.ro\/","https:\/\/www.linkedin.com\/in\/mariana-romanica-7a852728?trk=nav_responsive_tab_profile","https:\/\/ro.pinterest.com\/marianaromanica\/","https:\/\/www.youtube.com\/channel\/UCtqcpjkqH12PFT8pgZvljLg"]}]}},"_links":{"self":[{"href":"https:\/\/www.marianaromanica.ro\/consultanta-de-imagine\/wp-json\/wp\/v2\/product\/22181","targetHints":{"allow":["GET"]}}],"collection":[{"href":"https:\/\/www.marianaromanica.ro\/consultanta-de-imagine\/wp-json\/wp\/v2\/product"}],"about":[{"href":"https:\/\/www.marianaromanica.ro\/consultanta-de-imagine\/wp-json\/wp\/v2\/types\/product"}],"replies":[{"embeddable":true,"href":"https:\/\/www.marianaromanica.ro\/consultanta-de-imagine\/wp-json\/wp\/v2\/comments?post=22181"}],"wp:featuredmedia":[{"embeddable":true,"href":"https:\/\/www.marianaromanica.ro\/consultanta-de-imagine\/wp-json\/wp\/v2\/media\/22182"}],"wp:attachment":[{"href":"https:\/\/www.marianaromanica.ro\/consultanta-de-imagine\/wp-json\/wp\/v2\/media?parent=22181"}],"wp:term":[{"taxonomy":"product_brand","embeddable":true,"href":"https:\/\/www.marianaromanica.ro\/consultanta-de-imagine\/wp-json\/wp\/v2\/product_brand?post=22181"},{"taxonomy":"product_cat","embeddable":true,"href":"https:\/\/www.marianaromanica.ro\/consultanta-de-imagine\/wp-json\/wp\/v2\/product_cat?post=22181"},{"taxonomy":"product_tag","embeddable":true,"href":"https:\/\/www.marianaromanica.ro\/consultanta-de-imagine\/wp-json\/wp\/v2\/product_tag?post=22181"}],"curies":[{"name":"wp","href":"https:\/\/api.w.org\/{rel}","templated":true}]}}