{"id":22185,"date":"2025-06-28T11:09:59","date_gmt":"2025-06-28T11:09:59","guid":{"rendered":"https:\/\/www.marianaromanica.ro\/consultanta-de-imagine\/?post_type=product&#038;p=22185"},"modified":"2025-06-30T15:44:59","modified_gmt":"2025-06-30T15:44:59","slug":"analiza-cromatica-grup","status":"publish","type":"product","link":"https:\/\/www.marianaromanica.ro\/consultanta-de-imagine\/produs\/analiza-cromatica-grup\/","title":{"rendered":"Bilet Colors &#038; Champagne &#8211; Analiza Cromatic\u0103 Vineri 4 IULIE"},"content":{"rendered":"<p>Analiza Cromatica grup<br \/>\nParticipare &#8211; 4 persoane<br \/>\nLadies only<\/p>\n<p>&nbsp;<\/p>\n","protected":false},"excerpt":{"rendered":"<p>Sesiune stilistic\u0103 Colors &amp; Champagne<br \/>\nGRUP 4 PERSOANE<\/p>\n<p><strong>O \u00eent\u00e2lnire ca \u00eentre fete, cu muzic\u0103, relaxare \u0219i \u0219ampanie (cu \u0219i f\u0103r\u0103 alcool) unde \u00eembin\u0103m voia bun\u0103 cu stilul \u0219i culorile.<\/strong><\/p>\n<p>Sesiunea include:<br \/>\n&#8211; wecome &amp; champagne (gust\u0103ri \u0219i \u0219ampanie cu \u0219i f\u0103r\u0103 alcool)<br \/>\n&#8211; sesiune de teoria culorii (\u00een grup)<br \/>\n&#8211; sesiune de Analiza Cromatic\u0103 individual\u0103<br \/>\n&#8211; sesiune de asortarea culorilor + nivelul de contrast (\u00een grup)<br \/>\n&#8211; palet\u0103 de culori individual\u0103, conform tipologiei cromatice, tip postcard<\/p>\n<p><b>Vineri 4 Iulie ora 18:00<br \/>\nLoca\u021bie: Mariana ROmanic\u0103 Style Studio, Bucure\u0219ti<br \/>\n<\/b>Adresa complet\u0103 <a href=\"https:\/\/consultantadeimagine.ro\/contact\/\" target=\"_blank\" rel=\"noopener\">aici<\/a><b><br \/>\n<\/b>Durata: 2 ore<\/p>\n<p>!Costul reprezint\u0103 contravaloare participarii pentru 1 singur\u0103 persoan\u0103<br \/>\n!Participantele pot veni machiata dar se vor demachia complet \u00eenainte de testul cromatic<\/p>\n<p>Sesiunea Colors&amp;Champagne se se poate organiza \u0219i ca eveniment privat, la cerere<\/p>\n","protected":false},"featured_media":20969,"comment_status":"open","ping_status":"closed","template":"","meta":{"_monsterinsights_skip_tracking":false,"_monsterinsights_sitenote_active":false,"_monsterinsights_sitenote_note":"","_monsterinsights_sitenote_category":0},"product_brand":[],"product_cat":[288],"product_tag":[],"class_list":{"0":"post-22185","1":"product","2":"type-product","3":"status-publish","4":"has-post-thumbnail","6":"product_cat-evenimente-thestyleclub","8":"first","9":"outofstock","10":"shipping-taxable","11":"purchasable","12":"product-type-simple"},"yoast_head":"<!-- This site is optimized with the Yoast SEO plugin v25.1 - https:\/\/yoast.com\/wordpress\/plugins\/seo\/ -->\n<title>Bilet Colors &amp; Champagne - Analiza Cromatic\u0103 Vineri 4 IULIE - Consultanta de imagine<\/title>\n<meta name=\"robots\" content=\"index, follow, max-snippet:-1, max-image-preview:large, max-video-preview:-1\" \/>\n<link rel=\"canonical\" href=\"https:\/\/www.marianaromanica.ro\/consultanta-de-imagine\/produs\/analiza-cromatica-grup\/\" \/>\n<meta property=\"og:locale\" content=\"ro_RO\" \/>\n<meta property=\"og:type\" content=\"article\" \/>\n<meta property=\"og:title\" content=\"Bilet Colors &amp; Champagne - Analiza Cromatic\u0103 Vineri 4 IULIE - Consultanta de imagine\" \/>\n<meta property=\"og:description\" content=\"Sesiune stilistic\u0103 Colors &amp; Champagne GRUP 4 PERSOANE  O \u00eent\u00e2lnire ca \u00eentre fete, cu muzic\u0103, relaxare \u0219i \u0219ampanie (cu \u0219i f\u0103r\u0103 alcool) unde \u00eembin\u0103m voia bun\u0103 cu stilul \u0219i culorile.  Sesiunea include: - wecome &amp; champagne (gust\u0103ri \u0219i \u0219ampanie cu \u0219i f\u0103r\u0103 alcool) - sesiune de teoria culorii (\u00een grup) - sesiune de Analiza Cromatic\u0103 individual\u0103 - sesiune de asortarea culorilor + nivelul de contrast (\u00een grup) - palet\u0103 de culori individual\u0103, conform tipologiei cromatice, tip postcard  Vineri 4 Iulie ora 18:00 Loca\u021bie: Mariana ROmanic\u0103 Style Studio, Bucure\u0219ti Adresa complet\u0103 aici Durata: 2 ore  !Costul reprezint\u0103 contravaloare participarii pentru 1 singur\u0103 persoan\u0103 !Participantele pot veni machiata dar se vor demachia complet \u00eenainte de testul cromatic  Sesiunea Colors&amp;Champagne se se poate organiza \u0219i ca eveniment privat, la cerere\" \/>\n<meta property=\"og:url\" content=\"https:\/\/www.marianaromanica.ro\/consultanta-de-imagine\/produs\/analiza-cromatica-grup\/\" \/>\n<meta property=\"og:site_name\" content=\"Consultanta de imagine\" \/>\n<meta property=\"article:publisher\" content=\"https:\/\/www.facebook.com\/MarianaRomanicaPage\/\" \/>\n<meta property=\"article:modified_time\" content=\"2025-06-30T15:44:59+00:00\" \/>\n<meta property=\"og:image\" content=\"https:\/\/www.marianaromanica.ro\/consultanta-de-imagine\/wp-content\/uploads\/2020\/01\/b85ea01ed20df03fde619c11a84d88e1-e1578337269808.jpg\" \/>\n\t<meta property=\"og:image:width\" content=\"600\" \/>\n\t<meta property=\"og:image:height\" content=\"600\" \/>\n\t<meta property=\"og:image:type\" content=\"image\/jpeg\" \/>\n<meta name=\"twitter:card\" content=\"summary_large_image\" \/>\n<meta name=\"twitter:site\" content=\"@MarianaRomanica\" \/>\n<meta name=\"twitter:label1\" content=\"Timp estimat pentru citire\" \/>\n\t<meta name=\"twitter:data1\" content=\"1 minut\" \/>\n<script type=\"application\/ld+json\" class=\"yoast-schema-graph\">{\"@context\":\"https:\/\/schema.org\",\"@graph\":[{\"@type\":\"WebPage\",\"@id\":\"https:\/\/www.marianaromanica.ro\/consultanta-de-imagine\/produs\/analiza-cromatica-grup\/\",\"url\":\"https:\/\/www.marianaromanica.ro\/consultanta-de-imagine\/produs\/analiza-cromatica-grup\/\",\"name\":\"Bilet Colors & Champagne - Analiza Cromatic\u0103 Vineri 4 IULIE - Consultanta de imagine\",\"isPartOf\":{\"@id\":\"https:\/\/www.marianaromanica.ro\/consultanta-de-imagine\/#website\"},\"primaryImageOfPage\":{\"@id\":\"https:\/\/www.marianaromanica.ro\/consultanta-de-imagine\/produs\/analiza-cromatica-grup\/#primaryimage\"},\"image\":{\"@id\":\"https:\/\/www.marianaromanica.ro\/consultanta-de-imagine\/produs\/analiza-cromatica-grup\/#primaryimage\"},\"thumbnailUrl\":\"https:\/\/www.marianaromanica.ro\/consultanta-de-imagine\/wp-content\/uploads\/2020\/01\/b85ea01ed20df03fde619c11a84d88e1-e1578337269808.jpg\",\"datePublished\":\"2025-06-28T11:09:59+00:00\",\"dateModified\":\"2025-06-30T15:44:59+00:00\",\"breadcrumb\":{\"@id\":\"https:\/\/www.marianaromanica.ro\/consultanta-de-imagine\/produs\/analiza-cromatica-grup\/#breadcrumb\"},\"inLanguage\":\"ro-RO\",\"potentialAction\":[{\"@type\":\"ReadAction\",\"target\":[\"https:\/\/www.marianaromanica.ro\/consultanta-de-imagine\/produs\/analiza-cromatica-grup\/\"]}]},{\"@type\":\"ImageObject\",\"inLanguage\":\"ro-RO\",\"@id\":\"https:\/\/www.marianaromanica.ro\/consultanta-de-imagine\/produs\/analiza-cromatica-grup\/#primaryimage\",\"url\":\"https:\/\/www.marianaromanica.ro\/consultanta-de-imagine\/wp-content\/uploads\/2020\/01\/b85ea01ed20df03fde619c11a84d88e1-e1578337269808.jpg\",\"contentUrl\":\"https:\/\/www.marianaromanica.ro\/consultanta-de-imagine\/wp-content\/uploads\/2020\/01\/b85ea01ed20df03fde619c11a84d88e1-e1578337269808.jpg\",\"width\":600,\"height\":600,\"caption\":\"events\"},{\"@type\":\"BreadcrumbList\",\"@id\":\"https:\/\/www.marianaromanica.ro\/consultanta-de-imagine\/produs\/analiza-cromatica-grup\/#breadcrumb\",\"itemListElement\":[{\"@type\":\"ListItem\",\"position\":1,\"name\":\"Acas\u0103\",\"item\":\"https:\/\/www.marianaromanica.ro\/consultanta-de-imagine\/\"},{\"@type\":\"ListItem\",\"position\":2,\"name\":\"Magazin\",\"item\":\"https:\/\/www.marianaromanica.ro\/consultanta-de-imagine\/\"},{\"@type\":\"ListItem\",\"position\":3,\"name\":\"Bilet Colors &#038; Champagne &#8211; Analiza Cromatic\u0103 Vineri 4 IULIE\"}]},{\"@type\":\"WebSite\",\"@id\":\"https:\/\/www.marianaromanica.ro\/consultanta-de-imagine\/#website\",\"url\":\"https:\/\/www.marianaromanica.ro\/consultanta-de-imagine\/\",\"name\":\"Consultanta de imagine\",\"description\":\"Mariana Romanica\",\"publisher\":{\"@id\":\"https:\/\/www.marianaromanica.ro\/consultanta-de-imagine\/#organization\"},\"potentialAction\":[{\"@type\":\"SearchAction\",\"target\":{\"@type\":\"EntryPoint\",\"urlTemplate\":\"https:\/\/www.marianaromanica.ro\/consultanta-de-imagine\/?s={search_term_string}\"},\"query-input\":{\"@type\":\"PropertyValueSpecification\",\"valueRequired\":true,\"valueName\":\"search_term_string\"}}],\"inLanguage\":\"ro-RO\"},{\"@type\":\"Organization\",\"@id\":\"https:\/\/www.marianaromanica.ro\/consultanta-de-imagine\/#organization\",\"name\":\"Mariana Romanica Image Consulting\",\"url\":\"https:\/\/www.marianaromanica.ro\/consultanta-de-imagine\/\",\"logo\":{\"@type\":\"ImageObject\",\"inLanguage\":\"ro-RO\",\"@id\":\"https:\/\/www.marianaromanica.ro\/consultanta-de-imagine\/#\/schema\/logo\/image\/\",\"url\":\"https:\/\/www.marianaromanica.ro\/consultanta-de-imagine\/wp-content\/uploads\/2016\/04\/Logo-MR-IMAGE-CONSULTing-e1461401575654.png\",\"contentUrl\":\"https:\/\/www.marianaromanica.ro\/consultanta-de-imagine\/wp-content\/uploads\/2016\/04\/Logo-MR-IMAGE-CONSULTing-e1461401575654.png\",\"width\":500,\"height\":173,\"caption\":\"Mariana Romanica Image Consulting\"},\"image\":{\"@id\":\"https:\/\/www.marianaromanica.ro\/consultanta-de-imagine\/#\/schema\/logo\/image\/\"},\"sameAs\":[\"https:\/\/www.facebook.com\/MarianaRomanicaPage\/\",\"https:\/\/x.com\/MarianaRomanica\",\"https:\/\/www.instagram.com\/marianaromanica.ro\/\",\"https:\/\/www.linkedin.com\/in\/mariana-romanica-7a852728?trk=nav_responsive_tab_profile\",\"https:\/\/ro.pinterest.com\/marianaromanica\/\",\"https:\/\/www.youtube.com\/channel\/UCtqcpjkqH12PFT8pgZvljLg\"]}]}<\/script>\n<!-- \/ Yoast SEO plugin. -->","yoast_head_json":{"title":"Bilet Colors & Champagne - Analiza Cromatic\u0103 Vineri 4 IULIE - Consultanta de imagine","robots":{"index":"index","follow":"follow","max-snippet":"max-snippet:-1","max-image-preview":"max-image-preview:large","max-video-preview":"max-video-preview:-1"},"canonical":"https:\/\/www.marianaromanica.ro\/consultanta-de-imagine\/produs\/analiza-cromatica-grup\/","og_locale":"ro_RO","og_type":"article","og_title":"Bilet Colors & Champagne - Analiza Cromatic\u0103 Vineri 4 IULIE - Consultanta de imagine","og_description":"Sesiune stilistic\u0103 Colors &amp; Champagne GRUP 4 PERSOANE  O \u00eent\u00e2lnire ca \u00eentre fete, cu muzic\u0103, relaxare \u0219i \u0219ampanie (cu \u0219i f\u0103r\u0103 alcool) unde \u00eembin\u0103m voia bun\u0103 cu stilul \u0219i culorile.  Sesiunea include: - wecome &amp; champagne (gust\u0103ri \u0219i \u0219ampanie cu \u0219i f\u0103r\u0103 alcool) - sesiune de teoria culorii (\u00een grup) - sesiune de Analiza Cromatic\u0103 individual\u0103 - sesiune de asortarea culorilor + nivelul de contrast (\u00een grup) - palet\u0103 de culori individual\u0103, conform tipologiei cromatice, tip postcard  Vineri 4 Iulie ora 18:00 Loca\u021bie: Mariana ROmanic\u0103 Style Studio, Bucure\u0219ti Adresa complet\u0103 aici Durata: 2 ore  !Costul reprezint\u0103 contravaloare participarii pentru 1 singur\u0103 persoan\u0103 !Participantele pot veni machiata dar se vor demachia complet \u00eenainte de testul cromatic  Sesiunea Colors&amp;Champagne se se poate organiza \u0219i ca eveniment privat, la cerere","og_url":"https:\/\/www.marianaromanica.ro\/consultanta-de-imagine\/produs\/analiza-cromatica-grup\/","og_site_name":"Consultanta de imagine","article_publisher":"https:\/\/www.facebook.com\/MarianaRomanicaPage\/","article_modified_time":"2025-06-30T15:44:59+00:00","og_image":[{"width":600,"height":600,"url":"https:\/\/www.marianaromanica.ro\/consultanta-de-imagine\/wp-content\/uploads\/2020\/01\/b85ea01ed20df03fde619c11a84d88e1-e1578337269808.jpg","type":"image\/jpeg"}],"twitter_card":"summary_large_image","twitter_site":"@MarianaRomanica","twitter_misc":{"Timp estimat pentru citire":"1 minut"},"schema":{"@context":"https:\/\/schema.org","@graph":[{"@type":"WebPage","@id":"https:\/\/www.marianaromanica.ro\/consultanta-de-imagine\/produs\/analiza-cromatica-grup\/","url":"https:\/\/www.marianaromanica.ro\/consultanta-de-imagine\/produs\/analiza-cromatica-grup\/","name":"Bilet Colors & Champagne - Analiza Cromatic\u0103 Vineri 4 IULIE - Consultanta de imagine","isPartOf":{"@id":"https:\/\/www.marianaromanica.ro\/consultanta-de-imagine\/#website"},"primaryImageOfPage":{"@id":"https:\/\/www.marianaromanica.ro\/consultanta-de-imagine\/produs\/analiza-cromatica-grup\/#primaryimage"},"image":{"@id":"https:\/\/www.marianaromanica.ro\/consultanta-de-imagine\/produs\/analiza-cromatica-grup\/#primaryimage"},"thumbnailUrl":"https:\/\/www.marianaromanica.ro\/consultanta-de-imagine\/wp-content\/uploads\/2020\/01\/b85ea01ed20df03fde619c11a84d88e1-e1578337269808.jpg","datePublished":"2025-06-28T11:09:59+00:00","dateModified":"2025-06-30T15:44:59+00:00","breadcrumb":{"@id":"https:\/\/www.marianaromanica.ro\/consultanta-de-imagine\/produs\/analiza-cromatica-grup\/#breadcrumb"},"inLanguage":"ro-RO","potentialAction":[{"@type":"ReadAction","target":["https:\/\/www.marianaromanica.ro\/consultanta-de-imagine\/produs\/analiza-cromatica-grup\/"]}]},{"@type":"ImageObject","inLanguage":"ro-RO","@id":"https:\/\/www.marianaromanica.ro\/consultanta-de-imagine\/produs\/analiza-cromatica-grup\/#primaryimage","url":"https:\/\/www.marianaromanica.ro\/consultanta-de-imagine\/wp-content\/uploads\/2020\/01\/b85ea01ed20df03fde619c11a84d88e1-e1578337269808.jpg","contentUrl":"https:\/\/www.marianaromanica.ro\/consultanta-de-imagine\/wp-content\/uploads\/2020\/01\/b85ea01ed20df03fde619c11a84d88e1-e1578337269808.jpg","width":600,"height":600,"caption":"events"},{"@type":"BreadcrumbList","@id":"https:\/\/www.marianaromanica.ro\/consultanta-de-imagine\/produs\/analiza-cromatica-grup\/#breadcrumb","itemListElement":[{"@type":"ListItem","position":1,"name":"Acas\u0103","item":"https:\/\/www.marianaromanica.ro\/consultanta-de-imagine\/"},{"@type":"ListItem","position":2,"name":"Magazin","item":"https:\/\/www.marianaromanica.ro\/consultanta-de-imagine\/"},{"@type":"ListItem","position":3,"name":"Bilet Colors &#038; Champagne &#8211; Analiza Cromatic\u0103 Vineri 4 IULIE"}]},{"@type":"WebSite","@id":"https:\/\/www.marianaromanica.ro\/consultanta-de-imagine\/#website","url":"https:\/\/www.marianaromanica.ro\/consultanta-de-imagine\/","name":"Consultanta de imagine","description":"Mariana Romanica","publisher":{"@id":"https:\/\/www.marianaromanica.ro\/consultanta-de-imagine\/#organization"},"potentialAction":[{"@type":"SearchAction","target":{"@type":"EntryPoint","urlTemplate":"https:\/\/www.marianaromanica.ro\/consultanta-de-imagine\/?s={search_term_string}"},"query-input":{"@type":"PropertyValueSpecification","valueRequired":true,"valueName":"search_term_string"}}],"inLanguage":"ro-RO"},{"@type":"Organization","@id":"https:\/\/www.marianaromanica.ro\/consultanta-de-imagine\/#organization","name":"Mariana Romanica Image Consulting","url":"https:\/\/www.marianaromanica.ro\/consultanta-de-imagine\/","logo":{"@type":"ImageObject","inLanguage":"ro-RO","@id":"https:\/\/www.marianaromanica.ro\/consultanta-de-imagine\/#\/schema\/logo\/image\/","url":"https:\/\/www.marianaromanica.ro\/consultanta-de-imagine\/wp-content\/uploads\/2016\/04\/Logo-MR-IMAGE-CONSULTing-e1461401575654.png","contentUrl":"https:\/\/www.marianaromanica.ro\/consultanta-de-imagine\/wp-content\/uploads\/2016\/04\/Logo-MR-IMAGE-CONSULTing-e1461401575654.png","width":500,"height":173,"caption":"Mariana Romanica Image Consulting"},"image":{"@id":"https:\/\/www.marianaromanica.ro\/consultanta-de-imagine\/#\/schema\/logo\/image\/"},"sameAs":["https:\/\/www.facebook.com\/MarianaRomanicaPage\/","https:\/\/x.com\/MarianaRomanica","https:\/\/www.instagram.com\/marianaromanica.ro\/","https:\/\/www.linkedin.com\/in\/mariana-romanica-7a852728?trk=nav_responsive_tab_profile","https:\/\/ro.pinterest.com\/marianaromanica\/","https:\/\/www.youtube.com\/channel\/UCtqcpjkqH12PFT8pgZvljLg"]}]}},"_links":{"self":[{"href":"https:\/\/www.marianaromanica.ro\/consultanta-de-imagine\/wp-json\/wp\/v2\/product\/22185","targetHints":{"allow":["GET"]}}],"collection":[{"href":"https:\/\/www.marianaromanica.ro\/consultanta-de-imagine\/wp-json\/wp\/v2\/product"}],"about":[{"href":"https:\/\/www.marianaromanica.ro\/consultanta-de-imagine\/wp-json\/wp\/v2\/types\/product"}],"replies":[{"embeddable":true,"href":"https:\/\/www.marianaromanica.ro\/consultanta-de-imagine\/wp-json\/wp\/v2\/comments?post=22185"}],"wp:featuredmedia":[{"embeddable":true,"href":"https:\/\/www.marianaromanica.ro\/consultanta-de-imagine\/wp-json\/wp\/v2\/media\/20969"}],"wp:attachment":[{"href":"https:\/\/www.marianaromanica.ro\/consultanta-de-imagine\/wp-json\/wp\/v2\/media?parent=22185"}],"wp:term":[{"taxonomy":"product_brand","embeddable":true,"href":"https:\/\/www.marianaromanica.ro\/consultanta-de-imagine\/wp-json\/wp\/v2\/product_brand?post=22185"},{"taxonomy":"product_cat","embeddable":true,"href":"https:\/\/www.marianaromanica.ro\/consultanta-de-imagine\/wp-json\/wp\/v2\/product_cat?post=22185"},{"taxonomy":"product_tag","embeddable":true,"href":"https:\/\/www.marianaromanica.ro\/consultanta-de-imagine\/wp-json\/wp\/v2\/product_tag?post=22185"}],"curies":[{"name":"wp","href":"https:\/\/api.w.org\/{rel}","templated":true}]}}